{"id":4319,"date":"2024-10-15T12:47:49","date_gmt":"2024-10-15T11:47:49","guid":{"rendered":"https:\/\/silenthome.com\/?post_type=product&#038;p=4319"},"modified":"2026-04-02T08:18:10","modified_gmt":"2026-04-02T07:18:10","slug":"portofino-tapete","status":"publish","type":"product","link":"https:\/\/silenthome.com\/es\/producto\/portofino-tapete\/","title":{"rendered":"PORTOFINO, ALFOMBRA"},"content":{"rendered":"","protected":false},"excerpt":{"rendered":"<p>La alfombra Portofino, con su estampado geom\u00e9trico, es el accesorio ideal para dar un toque m\u00e1s relajado a una habitaci\u00f3n. Su estampado geom\u00e9trico y sus colores suaves a\u00f1aden un toque de encanto a cualquier estancia de su hogar. <strong>Quedar\u00e1 bien en un dormitorio o en el sal\u00f3n, haciendo la habitaci\u00f3n m\u00e1s acogedora y confortable. Disponible en tama\u00f1os 160x230 cm y 200x290 cm.<\/strong><\/p>","protected":false},"featured_media":4232,"comment_status":"open","ping_status":"closed","template":"","meta":{"_acf_changed":false},"product_brand":[],"product_cat":[65,64],"product_tag":[],"class_list":{"0":"post-4319","1":"product","2":"type-product","3":"status-publish","4":"has-post-thumbnail","6":"product_cat-tapetes","7":"product_cat-texteis","9":"first","10":"instock","11":"taxable","12":"shipping-taxable","13":"purchasable","14":"product-type-variable"},"acf":[],"aioseo_notices":[],"_links":{"self":[{"href":"https:\/\/silenthome.com\/es\/wp-json\/wp\/v2\/product\/4319","targetHints":{"allow":["GET"]}}],"collection":[{"href":"https:\/\/silenthome.com\/es\/wp-json\/wp\/v2\/product"}],"about":[{"href":"https:\/\/silenthome.com\/es\/wp-json\/wp\/v2\/types\/product"}],"replies":[{"embeddable":true,"href":"https:\/\/silenthome.com\/es\/wp-json\/wp\/v2\/comments?post=4319"}],"wp:featuredmedia":[{"embeddable":true,"href":"https:\/\/silenthome.com\/es\/wp-json\/wp\/v2\/media\/4232"}],"wp:attachment":[{"href":"https:\/\/silenthome.com\/es\/wp-json\/wp\/v2\/media?parent=4319"}],"wp:term":[{"taxonomy":"product_brand","embeddable":true,"href":"https:\/\/silenthome.com\/es\/wp-json\/wp\/v2\/product_brand?post=4319"},{"taxonomy":"product_cat","embeddable":true,"href":"https:\/\/silenthome.com\/es\/wp-json\/wp\/v2\/product_cat?post=4319"},{"taxonomy":"product_tag","embeddable":true,"href":"https:\/\/silenthome.com\/es\/wp-json\/wp\/v2\/product_tag?post=4319"}],"curies":[{"name":"wp","href":"https:\/\/api.w.org\/{rel}","templated":true}]}}