{"id":4317,"date":"2024-10-15T12:47:49","date_gmt":"2024-10-15T11:47:49","guid":{"rendered":"https:\/\/silenthome.com\/?post_type=product&#038;p=4317"},"modified":"2026-04-02T08:16:20","modified_gmt":"2026-04-02T07:16:20","slug":"tribeca-tapete","status":"publish","type":"product","link":"https:\/\/silenthome.com\/es\/producto\/tribeca-tapete\/","title":{"rendered":"TRIBECA, ALFOMBRA"},"content":{"rendered":"","protected":false},"excerpt":{"rendered":"<p>La alfombra Tribeca presenta un estampado geom\u00e9trico que ser\u00e1 una gran elecci\u00f3n para crear un ambiente elegante y sofisticado. <strong>Disponible en dos tama\u00f1os, 160x230 cm y 200x290 cm.<\/strong><\/p>","protected":false},"featured_media":4226,"comment_status":"open","ping_status":"closed","template":"","meta":{"_acf_changed":false},"product_brand":[],"product_cat":[65,64],"product_tag":[],"class_list":{"0":"post-4317","1":"product","2":"type-product","3":"status-publish","4":"has-post-thumbnail","6":"product_cat-tapetes","7":"product_cat-texteis","9":"first","10":"instock","11":"taxable","12":"shipping-taxable","13":"purchasable","14":"product-type-variable"},"acf":[],"aioseo_notices":[],"_links":{"self":[{"href":"https:\/\/silenthome.com\/es\/wp-json\/wp\/v2\/product\/4317","targetHints":{"allow":["GET"]}}],"collection":[{"href":"https:\/\/silenthome.com\/es\/wp-json\/wp\/v2\/product"}],"about":[{"href":"https:\/\/silenthome.com\/es\/wp-json\/wp\/v2\/types\/product"}],"replies":[{"embeddable":true,"href":"https:\/\/silenthome.com\/es\/wp-json\/wp\/v2\/comments?post=4317"}],"wp:featuredmedia":[{"embeddable":true,"href":"https:\/\/silenthome.com\/es\/wp-json\/wp\/v2\/media\/4226"}],"wp:attachment":[{"href":"https:\/\/silenthome.com\/es\/wp-json\/wp\/v2\/media?parent=4317"}],"wp:term":[{"taxonomy":"product_brand","embeddable":true,"href":"https:\/\/silenthome.com\/es\/wp-json\/wp\/v2\/product_brand?post=4317"},{"taxonomy":"product_cat","embeddable":true,"href":"https:\/\/silenthome.com\/es\/wp-json\/wp\/v2\/product_cat?post=4317"},{"taxonomy":"product_tag","embeddable":true,"href":"https:\/\/silenthome.com\/es\/wp-json\/wp\/v2\/product_tag?post=4317"}],"curies":[{"name":"wp","href":"https:\/\/api.w.org\/{rel}","templated":true}]}}