{"id":3642,"date":"2024-06-26T15:36:34","date_gmt":"2024-06-26T14:36:34","guid":{"rendered":"https:\/\/silenthome.com\/produto\/amber-almofada-aqua-50x70cm\/"},"modified":"2025-08-22T13:31:57","modified_gmt":"2025-08-22T12:31:57","slug":"amber-almofada-aqua-50x70cm","status":"publish","type":"product","link":"https:\/\/silenthome.com\/es\/producto\/amber-almofada-aqua-50x70cm\/","title":{"rendered":"AMBER, Coj\u00edn Aqua 50x70cm"},"content":{"rendered":"","protected":false},"excerpt":{"rendered":"<p>El coj\u00edn \u00c1mbar es una opci\u00f3n elegante y c\u00f3moda para complementar su cama, con un suave color verde que transmite ligereza y sofisticaci\u00f3n. Con unas dimensiones de 50\u00d770 cm, es perfecto tanto como almohada para dormir como elemento decorativo. <strong>Dispone de una discreta cremallera, que permite retirar f\u00e1cilmente el relleno y facilita el lavado de la funda. Es un coj\u00edn listo para usar, con relleno incluido para mayor comodidad y confort.<\/strong><\/p>","protected":false},"featured_media":3679,"comment_status":"open","ping_status":"closed","template":"","meta":{"_acf_changed":false},"product_brand":[],"product_cat":[72,64],"product_tag":[],"class_list":{"0":"post-3642","1":"product","2":"type-product","3":"status-publish","4":"has-post-thumbnail","6":"product_cat-almofadas","7":"product_cat-texteis","9":"first","10":"instock","11":"taxable","12":"shipping-taxable","13":"purchasable","14":"product-type-simple"},"acf":[],"aioseo_notices":[],"_links":{"self":[{"href":"https:\/\/silenthome.com\/es\/wp-json\/wp\/v2\/product\/3642","targetHints":{"allow":["GET"]}}],"collection":[{"href":"https:\/\/silenthome.com\/es\/wp-json\/wp\/v2\/product"}],"about":[{"href":"https:\/\/silenthome.com\/es\/wp-json\/wp\/v2\/types\/product"}],"replies":[{"embeddable":true,"href":"https:\/\/silenthome.com\/es\/wp-json\/wp\/v2\/comments?post=3642"}],"wp:featuredmedia":[{"embeddable":true,"href":"https:\/\/silenthome.com\/es\/wp-json\/wp\/v2\/media\/3679"}],"wp:attachment":[{"href":"https:\/\/silenthome.com\/es\/wp-json\/wp\/v2\/media?parent=3642"}],"wp:term":[{"taxonomy":"product_brand","embeddable":true,"href":"https:\/\/silenthome.com\/es\/wp-json\/wp\/v2\/product_brand?post=3642"},{"taxonomy":"product_cat","embeddable":true,"href":"https:\/\/silenthome.com\/es\/wp-json\/wp\/v2\/product_cat?post=3642"},{"taxonomy":"product_tag","embeddable":true,"href":"https:\/\/silenthome.com\/es\/wp-json\/wp\/v2\/product_tag?post=3642"}],"curies":[{"name":"wp","href":"https:\/\/api.w.org\/{rel}","templated":true}]}}