{"id":3627,"date":"2024-06-25T17:40:07","date_gmt":"2024-06-25T16:40:07","guid":{"rendered":"https:\/\/silenthome.com\/?post_type=product&#038;p=3627"},"modified":"2026-01-29T15:38:54","modified_gmt":"2026-01-29T15:38:54","slug":"messie-conjunto-capa-de-edredao-branco-e-gres","status":"publish","type":"product","link":"https:\/\/silenthome.com\/es\/producto\/messie-conjunto-capa-de-edredao-branco-e-gres\/","title":{"rendered":"MESSIE, juego de funda n\u00f3rdica blanco y gris"},"content":{"rendered":"","protected":false},"excerpt":{"rendered":"<p data-start=\"123\" data-end=\"361\">Este juego de funda n\u00f3rdica y funda de almohada combina <strong>elegancia<\/strong>\u00a0atemporal con\u00a0<strong>confort<\/strong>. Con un dise\u00f1o cl\u00e1sico, a\u00f1aden un toque de discreta sofisticaci\u00f3n a cualquier dormitorio.<\/p>\n<p data-start=\"363\" data-end=\"691\">Hecho de<strong data-start=\"363\" data-end=\"427\">\u00a0100% algod\u00f3n\u00a0<\/strong>alta calidad con<strong data-start=\"363\" data-end=\"427\"> 300 hilos<\/strong>proporciona una\u00a0<strong data-start=\"445\" data-end=\"502\">tacto suave, transpirable y extremadamente c\u00f3modo<\/strong>ideal para veladas tranquilas y tonificantes. Su cuidada elaboraci\u00f3n garantiza\u00a0<strong data-start=\"580\" data-end=\"596\">durabilidad<\/strong>\u00a0y un toque premium, hacen de este set una elecci\u00f3n pr\u00e1ctica y refinada para el uso diario.<\/p>\n<p>Juego de cama de 3 piezas:\u00a0<strong>1 funda n\u00f3rdica y 2 fundas de almohada<\/strong>.<\/p>","protected":false},"featured_media":3658,"comment_status":"open","ping_status":"closed","template":"","meta":{"_acf_changed":false},"product_brand":[],"product_cat":[102,64],"product_tag":[],"class_list":{"0":"post-3627","1":"product","2":"type-product","3":"status-publish","4":"has-post-thumbnail","6":"product_cat-cama","7":"product_cat-texteis","9":"first","10":"instock","11":"taxable","12":"shipping-taxable","13":"purchasable","14":"product-type-variable"},"acf":[],"aioseo_notices":[],"_links":{"self":[{"href":"https:\/\/silenthome.com\/es\/wp-json\/wp\/v2\/product\/3627","targetHints":{"allow":["GET"]}}],"collection":[{"href":"https:\/\/silenthome.com\/es\/wp-json\/wp\/v2\/product"}],"about":[{"href":"https:\/\/silenthome.com\/es\/wp-json\/wp\/v2\/types\/product"}],"replies":[{"embeddable":true,"href":"https:\/\/silenthome.com\/es\/wp-json\/wp\/v2\/comments?post=3627"}],"wp:featuredmedia":[{"embeddable":true,"href":"https:\/\/silenthome.com\/es\/wp-json\/wp\/v2\/media\/3658"}],"wp:attachment":[{"href":"https:\/\/silenthome.com\/es\/wp-json\/wp\/v2\/media?parent=3627"}],"wp:term":[{"taxonomy":"product_brand","embeddable":true,"href":"https:\/\/silenthome.com\/es\/wp-json\/wp\/v2\/product_brand?post=3627"},{"taxonomy":"product_cat","embeddable":true,"href":"https:\/\/silenthome.com\/es\/wp-json\/wp\/v2\/product_cat?post=3627"},{"taxonomy":"product_tag","embeddable":true,"href":"https:\/\/silenthome.com\/es\/wp-json\/wp\/v2\/product_tag?post=3627"}],"curies":[{"name":"wp","href":"https:\/\/api.w.org\/{rel}","templated":true}]}}