{"id":3583,"date":"2024-06-25T12:58:19","date_gmt":"2024-06-25T11:58:19","guid":{"rendered":"https:\/\/silenthome.com\/?post_type=product&#038;p=3583"},"modified":"2025-12-17T18:02:05","modified_gmt":"2025-12-17T18:02:05","slug":"messie-jogo-de-cama-branco-e-gres","status":"publish","type":"product","link":"https:\/\/silenthome.com\/es\/producto\/messie-jogo-de-cama-branco-e-gres\/","title":{"rendered":"MESSIE, juego de cama blanco y gris"},"content":{"rendered":"","protected":false},"excerpt":{"rendered":"<p data-start=\"123\" data-end=\"361\">El juego de cama combina <strong>elegancia<\/strong>\u00a0discreto y\u00a0<strong>confort<\/strong>\u00a0de larga duraci\u00f3n. Con una\u00a0<strong data-start=\"215\" data-end=\"281\">dise\u00f1o cl\u00e1sico\u00a0<\/strong>en blanco, acentuado por un tono gres, aporta sofisticaci\u00f3n a la decoraci\u00f3n de la habitaci\u00f3n sin perder su ligereza visual.<\/p>\n<p data-start=\"363\" data-end=\"691\">Hecho de<strong data-start=\"363\" data-end=\"427\">\u00a0100% algod\u00f3n\u00a0<\/strong>alta calidad con<strong data-start=\"363\" data-end=\"427\"> 300 hilos<\/strong>proporciona una\u00a0<strong data-start=\"445\" data-end=\"502\">tacto suave, transpirable y extremadamente c\u00f3modo<\/strong>ideal para veladas tranquilas y tonificantes. Su cuidada elaboraci\u00f3n garantiza\u00a0<strong data-start=\"580\" data-end=\"596\">durabilidad<\/strong>\u00a0y un toque premium, hacen de este set una elecci\u00f3n pr\u00e1ctica y refinada para el uso diario.<\/p>\n<p data-start=\"363\" data-end=\"691\">Juego de cama compuesto por 4 piezas, 1 s\u00e1bana encimera, 1 s\u00e1bana bajera ajustable y 2 fundas de almohada.<\/p>","protected":false},"featured_media":3665,"comment_status":"open","ping_status":"closed","template":"","meta":{"_acf_changed":false},"product_brand":[],"product_cat":[102,64],"product_tag":[],"class_list":{"0":"post-3583","1":"product","2":"type-product","3":"status-publish","4":"has-post-thumbnail","6":"product_cat-cama","7":"product_cat-texteis","9":"first","10":"instock","11":"taxable","12":"shipping-taxable","13":"purchasable","14":"product-type-variable"},"acf":[],"aioseo_notices":[],"_links":{"self":[{"href":"https:\/\/silenthome.com\/es\/wp-json\/wp\/v2\/product\/3583","targetHints":{"allow":["GET"]}}],"collection":[{"href":"https:\/\/silenthome.com\/es\/wp-json\/wp\/v2\/product"}],"about":[{"href":"https:\/\/silenthome.com\/es\/wp-json\/wp\/v2\/types\/product"}],"replies":[{"embeddable":true,"href":"https:\/\/silenthome.com\/es\/wp-json\/wp\/v2\/comments?post=3583"}],"wp:featuredmedia":[{"embeddable":true,"href":"https:\/\/silenthome.com\/es\/wp-json\/wp\/v2\/media\/3665"}],"wp:attachment":[{"href":"https:\/\/silenthome.com\/es\/wp-json\/wp\/v2\/media?parent=3583"}],"wp:term":[{"taxonomy":"product_brand","embeddable":true,"href":"https:\/\/silenthome.com\/es\/wp-json\/wp\/v2\/product_brand?post=3583"},{"taxonomy":"product_cat","embeddable":true,"href":"https:\/\/silenthome.com\/es\/wp-json\/wp\/v2\/product_cat?post=3583"},{"taxonomy":"product_tag","embeddable":true,"href":"https:\/\/silenthome.com\/es\/wp-json\/wp\/v2\/product_tag?post=3583"}],"curies":[{"name":"wp","href":"https:\/\/api.w.org\/{rel}","templated":true}]}}