{"id":3546,"date":"2024-06-24T11:09:32","date_gmt":"2024-06-24T10:09:32","guid":{"rendered":"https:\/\/silenthome.com\/produto\/santorini-conjunto-de-banho-branco-e-cinza\/"},"modified":"2025-11-20T17:19:40","modified_gmt":"2025-11-20T17:19:40","slug":"santorini-conjunto-de-banho-branco-e-cinza","status":"publish","type":"product","link":"https:\/\/silenthome.com\/es\/producto\/santorini-conjunto-de-banho-branco-e-cinza\/","title":{"rendered":"SANTORINI, Conjunto de ba\u00f1o blanco y gris"},"content":{"rendered":"","protected":false},"excerpt":{"rendered":"<p data-start=\"96\" data-end=\"329\">Disfrute de la comodidad y suavidad del elegante Set de Ba\u00f1o Santorini, fabricado con algod\u00f3n 100% de alta calidad. Ideal para a\u00f1adir un toque de lujo y bienestar a su d\u00eda a d\u00eda. Compuesto por 6 piezas, el juego incluye: 2 s\u00e1banas de ba\u00f1o (150 x 100 cm), 2 toallas de cara (100 x 50 cm) y 2 toallas de bid\u00e9 (50 x 30 cm). <strong>Perfecto para el uso diario o como regalo, este set combina funcionalidad, durabilidad y un dise\u00f1o atemporal.<\/strong><\/p>","protected":false},"featured_media":3673,"comment_status":"open","ping_status":"closed","template":"","meta":{"_acf_changed":false},"product_brand":[],"product_cat":[103,64],"product_tag":[],"class_list":{"0":"post-3546","1":"product","2":"type-product","3":"status-publish","4":"has-post-thumbnail","6":"product_cat-banho","7":"product_cat-texteis","9":"first","10":"instock","11":"taxable","12":"shipping-taxable","13":"purchasable","14":"product-type-simple"},"acf":[],"aioseo_notices":[],"_links":{"self":[{"href":"https:\/\/silenthome.com\/es\/wp-json\/wp\/v2\/product\/3546","targetHints":{"allow":["GET"]}}],"collection":[{"href":"https:\/\/silenthome.com\/es\/wp-json\/wp\/v2\/product"}],"about":[{"href":"https:\/\/silenthome.com\/es\/wp-json\/wp\/v2\/types\/product"}],"replies":[{"embeddable":true,"href":"https:\/\/silenthome.com\/es\/wp-json\/wp\/v2\/comments?post=3546"}],"wp:featuredmedia":[{"embeddable":true,"href":"https:\/\/silenthome.com\/es\/wp-json\/wp\/v2\/media\/3673"}],"wp:attachment":[{"href":"https:\/\/silenthome.com\/es\/wp-json\/wp\/v2\/media?parent=3546"}],"wp:term":[{"taxonomy":"product_brand","embeddable":true,"href":"https:\/\/silenthome.com\/es\/wp-json\/wp\/v2\/product_brand?post=3546"},{"taxonomy":"product_cat","embeddable":true,"href":"https:\/\/silenthome.com\/es\/wp-json\/wp\/v2\/product_cat?post=3546"},{"taxonomy":"product_tag","embeddable":true,"href":"https:\/\/silenthome.com\/es\/wp-json\/wp\/v2\/product_tag?post=3546"}],"curies":[{"name":"wp","href":"https:\/\/api.w.org\/{rel}","templated":true}]}}