{"id":3545,"date":"2024-06-24T11:09:32","date_gmt":"2024-06-24T10:09:32","guid":{"rendered":"https:\/\/silenthome.com\/produto\/bisavo-conjunto-de-banho-branco\/"},"modified":"2026-04-30T11:12:21","modified_gmt":"2026-04-30T10:12:21","slug":"bisavo-conjunto-de-banho-branco","status":"publish","type":"product","link":"https:\/\/silenthome.com\/es\/producto\/bisavo-conjunto-de-banho-branco\/","title":{"rendered":"BISAV\u00d3, set de ba\u00f1o blanco"},"content":{"rendered":"","protected":false},"excerpt":{"rendered":"<p>Disfrute de la comodidad y suavidad del elegante Set de Ba\u00f1o Bisav\u00f3, fabricado con algod\u00f3n 100% de alta calidad. Ideal para a\u00f1adir un toque de lujo y bienestar a su d\u00eda a d\u00eda. Compuesto por 6 piezas, el conjunto incluye: 2 s\u00e1banas de ba\u00f1o (150 x 100 cm), 2 toallas de cara (100 x 50 cm) y 2 toallas de bid\u00e9 (50 x 30 cm). <strong>Perfecto para el uso diario o como regalo, este set combina funcionalidad, durabilidad y un dise\u00f1o atemporal.<\/strong><\/p>","protected":false},"featured_media":3671,"comment_status":"open","ping_status":"closed","template":"","meta":{"_acf_changed":false},"product_brand":[],"product_cat":[103,64],"product_tag":[],"class_list":{"0":"post-3545","1":"product","2":"type-product","3":"status-publish","4":"has-post-thumbnail","6":"product_cat-banho","7":"product_cat-texteis","9":"first","10":"instock","11":"taxable","12":"shipping-taxable","13":"purchasable","14":"product-type-simple"},"acf":[],"aioseo_notices":[],"_links":{"self":[{"href":"https:\/\/silenthome.com\/es\/wp-json\/wp\/v2\/product\/3545","targetHints":{"allow":["GET"]}}],"collection":[{"href":"https:\/\/silenthome.com\/es\/wp-json\/wp\/v2\/product"}],"about":[{"href":"https:\/\/silenthome.com\/es\/wp-json\/wp\/v2\/types\/product"}],"replies":[{"embeddable":true,"href":"https:\/\/silenthome.com\/es\/wp-json\/wp\/v2\/comments?post=3545"}],"wp:featuredmedia":[{"embeddable":true,"href":"https:\/\/silenthome.com\/es\/wp-json\/wp\/v2\/media\/3671"}],"wp:attachment":[{"href":"https:\/\/silenthome.com\/es\/wp-json\/wp\/v2\/media?parent=3545"}],"wp:term":[{"taxonomy":"product_brand","embeddable":true,"href":"https:\/\/silenthome.com\/es\/wp-json\/wp\/v2\/product_brand?post=3545"},{"taxonomy":"product_cat","embeddable":true,"href":"https:\/\/silenthome.com\/es\/wp-json\/wp\/v2\/product_cat?post=3545"},{"taxonomy":"product_tag","embeddable":true,"href":"https:\/\/silenthome.com\/es\/wp-json\/wp\/v2\/product_tag?post=3545"}],"curies":[{"name":"wp","href":"https:\/\/api.w.org\/{rel}","templated":true}]}}