{"id":2641,"date":"2024-05-08T12:08:25","date_gmt":"2024-05-08T11:08:25","guid":{"rendered":"https:\/\/silenthome.com\/?post_type=product&#038;p=2641"},"modified":"2026-04-14T16:49:14","modified_gmt":"2026-04-14T15:49:14","slug":"pillow-cama-de-casal","status":"publish","type":"product","link":"https:\/\/silenthome.com\/es\/producto\/pillow-cama-de-casal\/","title":{"rendered":"Almohada doble Eco Skin Beige"},"content":{"rendered":"","protected":false},"excerpt":{"rendered":"<p>La cama doble Pillow tiene una estructura de madera con revestimiento de ecopiel en color beige. Ideal para cualquier dormitorio, combina con cualquier estilo de decoraci\u00f3n. La combinaci\u00f3n de ecopiel y madera no s\u00f3lo aporta <strong>durabilidad y elegancia<\/strong> Adem\u00e1s, a\u00f1ade un toque de sofisticaci\u00f3n a la habitaci\u00f3n. Disponible en dos tama\u00f1os de colch\u00f3n: 150\u00d7200 cm o 180\u00d7200 cm.<\/p>","protected":false},"featured_media":3456,"comment_status":"open","ping_status":"closed","template":"","meta":{"_acf_changed":false},"product_brand":[],"product_cat":[93,61],"product_tag":[],"class_list":{"0":"post-2641","1":"product","2":"type-product","3":"status-publish","4":"has-post-thumbnail","6":"product_cat-camas","7":"product_cat-mobiliario","9":"first","10":"instock","11":"taxable","12":"shipping-taxable","13":"purchasable","14":"product-type-variable"},"acf":[],"aioseo_notices":[],"_links":{"self":[{"href":"https:\/\/silenthome.com\/es\/wp-json\/wp\/v2\/product\/2641","targetHints":{"allow":["GET"]}}],"collection":[{"href":"https:\/\/silenthome.com\/es\/wp-json\/wp\/v2\/product"}],"about":[{"href":"https:\/\/silenthome.com\/es\/wp-json\/wp\/v2\/types\/product"}],"replies":[{"embeddable":true,"href":"https:\/\/silenthome.com\/es\/wp-json\/wp\/v2\/comments?post=2641"}],"wp:featuredmedia":[{"embeddable":true,"href":"https:\/\/silenthome.com\/es\/wp-json\/wp\/v2\/media\/3456"}],"wp:attachment":[{"href":"https:\/\/silenthome.com\/es\/wp-json\/wp\/v2\/media?parent=2641"}],"wp:term":[{"taxonomy":"product_brand","embeddable":true,"href":"https:\/\/silenthome.com\/es\/wp-json\/wp\/v2\/product_brand?post=2641"},{"taxonomy":"product_cat","embeddable":true,"href":"https:\/\/silenthome.com\/es\/wp-json\/wp\/v2\/product_cat?post=2641"},{"taxonomy":"product_tag","embeddable":true,"href":"https:\/\/silenthome.com\/es\/wp-json\/wp\/v2\/product_tag?post=2641"}],"curies":[{"name":"wp","href":"https:\/\/api.w.org\/{rel}","templated":true}]}}