{"id":2640,"date":"2024-05-08T12:08:24","date_gmt":"2024-05-08T11:08:24","guid":{"rendered":"https:\/\/silenthome.com\/?post_type=product&#038;p=2640"},"modified":"2026-04-14T16:49:17","modified_gmt":"2026-04-14T15:49:17","slug":"sleepy-cama-de-casal","status":"publish","type":"product","link":"https:\/\/silenthome.com\/es\/producto\/sleepy-cama-de-casal\/","title":{"rendered":"Cama Doble Sleepy Eco Piel Beige"},"content":{"rendered":"","protected":false},"excerpt":{"rendered":"<p>La cama doble Sleepy tiene una estructura de madera con revestimiento de ecopiel en color beige. Es una gran elecci\u00f3n para cualquier dormitorio, ya que proporciona <strong>confort<\/strong> y estilo. La combinaci\u00f3n de cuero ecol\u00f3gico y madera da <strong>durabilidad y elegancia<\/strong> a la pieza y al medio ambiente. Disponible en dos tama\u00f1os de colch\u00f3n: 150\u00d7200 cm o 180\u00d7200 cm.<\/p>","protected":false},"featured_media":3450,"comment_status":"open","ping_status":"closed","template":"","meta":{"_acf_changed":false},"product_brand":[],"product_cat":[93,61],"product_tag":[],"class_list":{"0":"post-2640","1":"product","2":"type-product","3":"status-publish","4":"has-post-thumbnail","6":"product_cat-camas","7":"product_cat-mobiliario","9":"first","10":"instock","11":"taxable","12":"shipping-taxable","13":"purchasable","14":"product-type-variable"},"acf":[],"aioseo_notices":[],"_links":{"self":[{"href":"https:\/\/silenthome.com\/es\/wp-json\/wp\/v2\/product\/2640","targetHints":{"allow":["GET"]}}],"collection":[{"href":"https:\/\/silenthome.com\/es\/wp-json\/wp\/v2\/product"}],"about":[{"href":"https:\/\/silenthome.com\/es\/wp-json\/wp\/v2\/types\/product"}],"replies":[{"embeddable":true,"href":"https:\/\/silenthome.com\/es\/wp-json\/wp\/v2\/comments?post=2640"}],"wp:featuredmedia":[{"embeddable":true,"href":"https:\/\/silenthome.com\/es\/wp-json\/wp\/v2\/media\/3450"}],"wp:attachment":[{"href":"https:\/\/silenthome.com\/es\/wp-json\/wp\/v2\/media?parent=2640"}],"wp:term":[{"taxonomy":"product_brand","embeddable":true,"href":"https:\/\/silenthome.com\/es\/wp-json\/wp\/v2\/product_brand?post=2640"},{"taxonomy":"product_cat","embeddable":true,"href":"https:\/\/silenthome.com\/es\/wp-json\/wp\/v2\/product_cat?post=2640"},{"taxonomy":"product_tag","embeddable":true,"href":"https:\/\/silenthome.com\/es\/wp-json\/wp\/v2\/product_tag?post=2640"}],"curies":[{"name":"wp","href":"https:\/\/api.w.org\/{rel}","templated":true}]}}