{"id":2638,"date":"2024-05-08T12:08:23","date_gmt":"2024-05-08T11:08:23","guid":{"rendered":"https:\/\/silenthome.com\/?post_type=product&#038;p=2638"},"modified":"2026-04-02T07:59:08","modified_gmt":"2026-04-02T06:59:08","slug":"lazy-cama-de-casal-cinza","status":"publish","type":"product","link":"https:\/\/silenthome.com\/es\/producto\/lazy-cama-de-casal-cinza\/","title":{"rendered":"Cama Doble Lazy Gris Claro y Verde"},"content":{"rendered":"","protected":false},"excerpt":{"rendered":"<p>La cama doble Lazy tiene un <strong>dise\u00f1o sencillo y funcional<\/strong>. La combinaci\u00f3n de colores grises con detalles en verde caqui promete hacer el espacio m\u00e1s envolvente y sofisticado. La opci\u00f3n ideal para llevar <strong>comodidad y elegancia<\/strong> a su dormitorio. Disponible en dos tama\u00f1os de colch\u00f3n: 150\u00d7200 cm o 180\u00d7200 cm.<\/p>\n<p>&nbsp;<\/p>","protected":false},"featured_media":3441,"comment_status":"open","ping_status":"closed","template":"","meta":{"_acf_changed":false},"product_brand":[],"product_cat":[93,61],"product_tag":[],"class_list":{"0":"post-2638","1":"product","2":"type-product","3":"status-publish","4":"has-post-thumbnail","6":"product_cat-camas","7":"product_cat-mobiliario","9":"first","10":"instock","11":"taxable","12":"shipping-taxable","13":"purchasable","14":"product-type-variable"},"acf":[],"aioseo_notices":[],"_links":{"self":[{"href":"https:\/\/silenthome.com\/es\/wp-json\/wp\/v2\/product\/2638","targetHints":{"allow":["GET"]}}],"collection":[{"href":"https:\/\/silenthome.com\/es\/wp-json\/wp\/v2\/product"}],"about":[{"href":"https:\/\/silenthome.com\/es\/wp-json\/wp\/v2\/types\/product"}],"replies":[{"embeddable":true,"href":"https:\/\/silenthome.com\/es\/wp-json\/wp\/v2\/comments?post=2638"}],"wp:featuredmedia":[{"embeddable":true,"href":"https:\/\/silenthome.com\/es\/wp-json\/wp\/v2\/media\/3441"}],"wp:attachment":[{"href":"https:\/\/silenthome.com\/es\/wp-json\/wp\/v2\/media?parent=2638"}],"wp:term":[{"taxonomy":"product_brand","embeddable":true,"href":"https:\/\/silenthome.com\/es\/wp-json\/wp\/v2\/product_brand?post=2638"},{"taxonomy":"product_cat","embeddable":true,"href":"https:\/\/silenthome.com\/es\/wp-json\/wp\/v2\/product_cat?post=2638"},{"taxonomy":"product_tag","embeddable":true,"href":"https:\/\/silenthome.com\/es\/wp-json\/wp\/v2\/product_tag?post=2638"}],"curies":[{"name":"wp","href":"https:\/\/api.w.org\/{rel}","templated":true}]}}