{"id":2636,"date":"2024-05-08T12:08:23","date_gmt":"2024-05-08T11:08:23","guid":{"rendered":"https:\/\/silenthome.com\/?post_type=product&#038;p=2636"},"modified":"2026-04-14T16:49:24","modified_gmt":"2026-04-14T15:49:24","slug":"liberty-cama-de-casal-bege","status":"publish","type":"product","link":"https:\/\/silenthome.com\/es\/producto\/liberty-cama-de-casal-bege\/","title":{"rendered":"Cama Doble Liberty Beige"},"content":{"rendered":"","protected":false},"excerpt":{"rendered":"<p>La cama doble Liberty cuenta con un <strong>estilo \u00fanico y refinado<\/strong>. Cubierto de tela beige, es ideal para quienes buscan un <strong>soluci\u00f3n pr\u00e1ctica y sencilla<\/strong> para combinar con diferentes estilos de decoraci\u00f3n. Haga que sus noches de sue\u00f1o sean a\u00fan m\u00e1s profundas con la cama doble Liberty. Disponible en dos tama\u00f1os de colch\u00f3n: 150\u00d7200, 160\u00d7200 o 180\u00d7200 cm.<\/p>","protected":false},"featured_media":3432,"comment_status":"open","ping_status":"closed","template":"","meta":{"_acf_changed":false},"product_brand":[],"product_cat":[93,61],"product_tag":[],"class_list":{"0":"post-2636","1":"product","2":"type-product","3":"status-publish","4":"has-post-thumbnail","6":"product_cat-camas","7":"product_cat-mobiliario","9":"first","10":"instock","11":"taxable","12":"shipping-taxable","13":"purchasable","14":"product-type-variable"},"acf":[],"aioseo_notices":[],"_links":{"self":[{"href":"https:\/\/silenthome.com\/es\/wp-json\/wp\/v2\/product\/2636","targetHints":{"allow":["GET"]}}],"collection":[{"href":"https:\/\/silenthome.com\/es\/wp-json\/wp\/v2\/product"}],"about":[{"href":"https:\/\/silenthome.com\/es\/wp-json\/wp\/v2\/types\/product"}],"replies":[{"embeddable":true,"href":"https:\/\/silenthome.com\/es\/wp-json\/wp\/v2\/comments?post=2636"}],"wp:featuredmedia":[{"embeddable":true,"href":"https:\/\/silenthome.com\/es\/wp-json\/wp\/v2\/media\/3432"}],"wp:attachment":[{"href":"https:\/\/silenthome.com\/es\/wp-json\/wp\/v2\/media?parent=2636"}],"wp:term":[{"taxonomy":"product_brand","embeddable":true,"href":"https:\/\/silenthome.com\/es\/wp-json\/wp\/v2\/product_brand?post=2636"},{"taxonomy":"product_cat","embeddable":true,"href":"https:\/\/silenthome.com\/es\/wp-json\/wp\/v2\/product_cat?post=2636"},{"taxonomy":"product_tag","embeddable":true,"href":"https:\/\/silenthome.com\/es\/wp-json\/wp\/v2\/product_tag?post=2636"}],"curies":[{"name":"wp","href":"https:\/\/api.w.org\/{rel}","templated":true}]}}