{"id":2634,"date":"2024-05-08T12:08:22","date_gmt":"2024-05-08T11:08:22","guid":{"rendered":"https:\/\/silenthome.com\/?post_type=product&#038;p=2634"},"modified":"2026-04-14T16:49:32","modified_gmt":"2026-04-14T15:49:32","slug":"cosy-cama-de-casal-greige","status":"publish","type":"product","link":"https:\/\/silenthome.com\/es\/producto\/cosy-cama-de-casal-greige\/","title":{"rendered":"Acogedora cama doble Greige"},"content":{"rendered":"","protected":false},"excerpt":{"rendered":"<p>La acogedora cama doble a\u00f1ade un extra <strong>toque acogedor<\/strong> al ambiente, creando un espacio acogedor para momentos de pura relajaci\u00f3n. Revestido en tejido beige, es la elecci\u00f3n ideal para aportar un toque acogedor a la habitaci\u00f3n. <strong>sofisticado y funcional<\/strong> a su dormitorio. Est\u00e1 disponible en dos tama\u00f1os de colch\u00f3n: 150\u00d7200 cm, 160x200 cm o 180\u00d7200 cm.<\/p>","protected":false},"featured_media":1603,"comment_status":"open","ping_status":"closed","template":"","meta":{"_acf_changed":false},"product_brand":[],"product_cat":[93,61],"product_tag":[],"class_list":{"0":"post-2634","1":"product","2":"type-product","3":"status-publish","4":"has-post-thumbnail","6":"product_cat-camas","7":"product_cat-mobiliario","9":"first","10":"instock","11":"taxable","12":"shipping-taxable","13":"purchasable","14":"product-type-variable"},"acf":[],"aioseo_notices":[],"_links":{"self":[{"href":"https:\/\/silenthome.com\/es\/wp-json\/wp\/v2\/product\/2634","targetHints":{"allow":["GET"]}}],"collection":[{"href":"https:\/\/silenthome.com\/es\/wp-json\/wp\/v2\/product"}],"about":[{"href":"https:\/\/silenthome.com\/es\/wp-json\/wp\/v2\/types\/product"}],"replies":[{"embeddable":true,"href":"https:\/\/silenthome.com\/es\/wp-json\/wp\/v2\/comments?post=2634"}],"wp:featuredmedia":[{"embeddable":true,"href":"https:\/\/silenthome.com\/es\/wp-json\/wp\/v2\/media\/1603"}],"wp:attachment":[{"href":"https:\/\/silenthome.com\/es\/wp-json\/wp\/v2\/media?parent=2634"}],"wp:term":[{"taxonomy":"product_brand","embeddable":true,"href":"https:\/\/silenthome.com\/es\/wp-json\/wp\/v2\/product_brand?post=2634"},{"taxonomy":"product_cat","embeddable":true,"href":"https:\/\/silenthome.com\/es\/wp-json\/wp\/v2\/product_cat?post=2634"},{"taxonomy":"product_tag","embeddable":true,"href":"https:\/\/silenthome.com\/es\/wp-json\/wp\/v2\/product_tag?post=2634"}],"curies":[{"name":"wp","href":"https:\/\/api.w.org\/{rel}","templated":true}]}}