{"id":2626,"date":"2024-05-08T11:40:15","date_gmt":"2024-05-08T10:40:15","guid":{"rendered":"https:\/\/silenthome.com\/produto\/candeeiro-maida-vale-dourado\/"},"modified":"2026-04-01T12:34:20","modified_gmt":"2026-04-01T11:34:20","slug":"maida-vale-candeeiro-dourado","status":"publish","type":"product","link":"https:\/\/silenthome.com\/es\/producto\/maida-vale-candeeiro-dourado\/","title":{"rendered":"L\u00c1MPARA DORADA MAIDA VALE"},"content":{"rendered":"","protected":false},"excerpt":{"rendered":"<p>La l\u00e1mpara de sobremesa Maida Vale tiene un dise\u00f1o industrial que le da un toque \u00fanico.<strong> toque de sofisticaci\u00f3n<\/strong> a tu espacio. Su estructura met\u00e1lica complementa a la perfecci\u00f3n el dise\u00f1o, creando un<strong> ambiente ideal<\/strong> para salones, dormitorios o despachos.<\/p>","protected":false},"featured_media":8976,"comment_status":"open","ping_status":"closed","template":"","meta":{"_acf_changed":false},"product_brand":[],"product_cat":[67,66],"product_tag":[],"class_list":{"0":"post-2626","1":"product","2":"type-product","3":"status-publish","4":"has-post-thumbnail","6":"product_cat-candeeiros-de-mesa","7":"product_cat-iluminacao","9":"first","10":"instock","11":"taxable","12":"shipping-taxable","13":"purchasable","14":"product-type-simple"},"acf":[],"aioseo_notices":[],"_links":{"self":[{"href":"https:\/\/silenthome.com\/es\/wp-json\/wp\/v2\/product\/2626","targetHints":{"allow":["GET"]}}],"collection":[{"href":"https:\/\/silenthome.com\/es\/wp-json\/wp\/v2\/product"}],"about":[{"href":"https:\/\/silenthome.com\/es\/wp-json\/wp\/v2\/types\/product"}],"replies":[{"embeddable":true,"href":"https:\/\/silenthome.com\/es\/wp-json\/wp\/v2\/comments?post=2626"}],"wp:featuredmedia":[{"embeddable":true,"href":"https:\/\/silenthome.com\/es\/wp-json\/wp\/v2\/media\/8976"}],"wp:attachment":[{"href":"https:\/\/silenthome.com\/es\/wp-json\/wp\/v2\/media?parent=2626"}],"wp:term":[{"taxonomy":"product_brand","embeddable":true,"href":"https:\/\/silenthome.com\/es\/wp-json\/wp\/v2\/product_brand?post=2626"},{"taxonomy":"product_cat","embeddable":true,"href":"https:\/\/silenthome.com\/es\/wp-json\/wp\/v2\/product_cat?post=2626"},{"taxonomy":"product_tag","embeddable":true,"href":"https:\/\/silenthome.com\/es\/wp-json\/wp\/v2\/product_tag?post=2626"}],"curies":[{"name":"wp","href":"https:\/\/api.w.org\/{rel}","templated":true}]}}