{"id":2620,"date":"2024-05-08T11:40:02","date_gmt":"2024-05-08T10:40:02","guid":{"rendered":"https:\/\/silenthome.com\/produto\/tapete-kilim-zanafi-350x250cm\/"},"modified":"2026-04-02T00:00:56","modified_gmt":"2026-04-01T23:00:56","slug":"tapete-kilim-zanafi-350x250cm","status":"publish","type":"product","link":"https:\/\/silenthome.com\/es\/producto\/tapete-kilim-zanafi-350x250cm\/","title":{"rendered":"CINTA KILIM ZANAFI 242x368cm"},"content":{"rendered":"","protected":false},"excerpt":{"rendered":"<p>Alfombras Zanafi <strong>son alfombras tradicionales marroqu\u00edes, tejidas a mano<\/strong> de las tribus bereberes de la regi\u00f3n marroqu\u00ed de Zanafi, se tejen en telar plano, lo que las hace m\u00e1s ligeras y resistentes. Estas alfombras son muy apreciadas por su est\u00e9tica minimalista y artesanal.<strong> Debido a su fabricaci\u00f3n artesanal, pueden variar ligeramente de tama\u00f1o y dibujo, lo que las hace \u00fanicas.<\/strong><\/p>","protected":false},"featured_media":2192,"comment_status":"open","ping_status":"closed","template":"","meta":{"_acf_changed":false},"product_brand":[],"product_cat":[164,65,64],"product_tag":[],"class_list":{"0":"post-2620","1":"product","2":"type-product","3":"status-publish","4":"has-post-thumbnail","6":"product_cat-promocoes","7":"product_cat-tapetes","8":"product_cat-texteis","10":"first","11":"instock","12":"taxable","13":"shipping-taxable","14":"purchasable","15":"product-type-simple"},"acf":[],"aioseo_notices":[],"_links":{"self":[{"href":"https:\/\/silenthome.com\/es\/wp-json\/wp\/v2\/product\/2620","targetHints":{"allow":["GET"]}}],"collection":[{"href":"https:\/\/silenthome.com\/es\/wp-json\/wp\/v2\/product"}],"about":[{"href":"https:\/\/silenthome.com\/es\/wp-json\/wp\/v2\/types\/product"}],"replies":[{"embeddable":true,"href":"https:\/\/silenthome.com\/es\/wp-json\/wp\/v2\/comments?post=2620"}],"wp:featuredmedia":[{"embeddable":true,"href":"https:\/\/silenthome.com\/es\/wp-json\/wp\/v2\/media\/2192"}],"wp:attachment":[{"href":"https:\/\/silenthome.com\/es\/wp-json\/wp\/v2\/media?parent=2620"}],"wp:term":[{"taxonomy":"product_brand","embeddable":true,"href":"https:\/\/silenthome.com\/es\/wp-json\/wp\/v2\/product_brand?post=2620"},{"taxonomy":"product_cat","embeddable":true,"href":"https:\/\/silenthome.com\/es\/wp-json\/wp\/v2\/product_cat?post=2620"},{"taxonomy":"product_tag","embeddable":true,"href":"https:\/\/silenthome.com\/es\/wp-json\/wp\/v2\/product_tag?post=2620"}],"curies":[{"name":"wp","href":"https:\/\/api.w.org\/{rel}","templated":true}]}}