{"id":2615,"date":"2024-05-08T11:39:52","date_gmt":"2024-05-08T10:39:52","guid":{"rendered":"https:\/\/silenthome.com\/produto\/tapete-kilim-zanafi-300x200cm-4\/"},"modified":"2026-04-02T00:00:44","modified_gmt":"2026-04-01T23:00:44","slug":"tapete-kilim-zanafi-300x200cm-4","status":"publish","type":"product","link":"https:\/\/silenthome.com\/es\/producto\/tapete-kilim-zanafi-300x200cm-4\/","title":{"rendered":"KILIM ZANAFI ALFOMBRA 198x290cm"},"content":{"rendered":"","protected":false},"excerpt":{"rendered":"<p>Alfombras Zanafi <strong>son alfombras tradicionales marroqu\u00edes, tejidas a mano<\/strong> de las tribus bereberes de la regi\u00f3n marroqu\u00ed de Zanafi, se tejen en telar plano, lo que las hace m\u00e1s ligeras y resistentes. Estas alfombras son muy apreciadas por su est\u00e9tica minimalista y artesanal. <strong>Debido a su fabricaci\u00f3n artesanal, pueden variar ligeramente de tama\u00f1o y dibujo, lo que las hace \u00fanicas.<\/strong><\/p>","protected":false},"featured_media":2187,"comment_status":"open","ping_status":"closed","template":"","meta":{"_acf_changed":false},"product_brand":[],"product_cat":[65,64],"product_tag":[],"class_list":{"0":"post-2615","1":"product","2":"type-product","3":"status-publish","4":"has-post-thumbnail","6":"product_cat-tapetes","7":"product_cat-texteis","9":"first","10":"outofstock","11":"taxable","12":"shipping-taxable","13":"purchasable","14":"product-type-simple"},"acf":[],"aioseo_notices":[],"_links":{"self":[{"href":"https:\/\/silenthome.com\/es\/wp-json\/wp\/v2\/product\/2615","targetHints":{"allow":["GET"]}}],"collection":[{"href":"https:\/\/silenthome.com\/es\/wp-json\/wp\/v2\/product"}],"about":[{"href":"https:\/\/silenthome.com\/es\/wp-json\/wp\/v2\/types\/product"}],"replies":[{"embeddable":true,"href":"https:\/\/silenthome.com\/es\/wp-json\/wp\/v2\/comments?post=2615"}],"wp:featuredmedia":[{"embeddable":true,"href":"https:\/\/silenthome.com\/es\/wp-json\/wp\/v2\/media\/2187"}],"wp:attachment":[{"href":"https:\/\/silenthome.com\/es\/wp-json\/wp\/v2\/media?parent=2615"}],"wp:term":[{"taxonomy":"product_brand","embeddable":true,"href":"https:\/\/silenthome.com\/es\/wp-json\/wp\/v2\/product_brand?post=2615"},{"taxonomy":"product_cat","embeddable":true,"href":"https:\/\/silenthome.com\/es\/wp-json\/wp\/v2\/product_cat?post=2615"},{"taxonomy":"product_tag","embeddable":true,"href":"https:\/\/silenthome.com\/es\/wp-json\/wp\/v2\/product_tag?post=2615"}],"curies":[{"name":"wp","href":"https:\/\/api.w.org\/{rel}","templated":true}]}}