{"id":2596,"date":"2024-05-08T11:39:18","date_gmt":"2024-05-08T10:39:18","guid":{"rendered":"https:\/\/silenthome.com\/produto\/abajur-seda-oval\/"},"modified":"2026-03-28T17:03:13","modified_gmt":"2026-03-28T17:03:13","slug":"abajur-seda-oval","status":"publish","type":"product","link":"https:\/\/silenthome.com\/es\/producto\/abajur-seda-oval\/","title":{"rendered":"Pantalla ovalada de seda"},"content":{"rendered":"","protected":false},"excerpt":{"rendered":"<p data-start=\"132\" data-end=\"395\"><strong>L\u00e1mpara de techo de seda 100%, hecha a mano en Vietnam<\/strong>El acabado en cinta de algod\u00f3n a\u00f1ade un toque de discreta elegancia y textura natural a cualquier habitaci\u00f3n. Compatible con bombillas de hasta 40 W. Para preservar su calidad y aspecto, se recomienda limpiar con un pa\u00f1o h\u00famedo. Evite el uso de detergentes o productos de limpieza dom\u00e9sticos.<\/p>","protected":false},"featured_media":8986,"comment_status":"open","ping_status":"closed","template":"","meta":{"_acf_changed":false},"product_brand":[],"product_cat":[92,66],"product_tag":[],"class_list":{"0":"post-2596","1":"product","2":"type-product","3":"status-publish","4":"has-post-thumbnail","6":"product_cat-abajures","7":"product_cat-iluminacao","9":"first","10":"outofstock","11":"taxable","12":"shipping-taxable","13":"purchasable","14":"product-type-simple"},"acf":[],"aioseo_notices":[],"_links":{"self":[{"href":"https:\/\/silenthome.com\/es\/wp-json\/wp\/v2\/product\/2596","targetHints":{"allow":["GET"]}}],"collection":[{"href":"https:\/\/silenthome.com\/es\/wp-json\/wp\/v2\/product"}],"about":[{"href":"https:\/\/silenthome.com\/es\/wp-json\/wp\/v2\/types\/product"}],"replies":[{"embeddable":true,"href":"https:\/\/silenthome.com\/es\/wp-json\/wp\/v2\/comments?post=2596"}],"wp:featuredmedia":[{"embeddable":true,"href":"https:\/\/silenthome.com\/es\/wp-json\/wp\/v2\/media\/8986"}],"wp:attachment":[{"href":"https:\/\/silenthome.com\/es\/wp-json\/wp\/v2\/media?parent=2596"}],"wp:term":[{"taxonomy":"product_brand","embeddable":true,"href":"https:\/\/silenthome.com\/es\/wp-json\/wp\/v2\/product_brand?post=2596"},{"taxonomy":"product_cat","embeddable":true,"href":"https:\/\/silenthome.com\/es\/wp-json\/wp\/v2\/product_cat?post=2596"},{"taxonomy":"product_tag","embeddable":true,"href":"https:\/\/silenthome.com\/es\/wp-json\/wp\/v2\/product_tag?post=2596"}],"curies":[{"name":"wp","href":"https:\/\/api.w.org\/{rel}","templated":true}]}}