{"id":2585,"date":"2024-05-08T11:38:53","date_gmt":"2024-05-08T10:38:53","guid":{"rendered":"https:\/\/silenthome.com\/produto\/cadeira-balloon-metal-pillow-prateado\/"},"modified":"2026-04-01T23:57:29","modified_gmt":"2026-04-01T22:57:29","slug":"cadeira-balloon-metal-pillow-prateado","status":"publish","type":"product","link":"https:\/\/silenthome.com\/es\/producto\/cadeira-balloon-metal-pillow-prateado\/","title":{"rendered":"Almohada met\u00e1lica Globo Silla"},"content":{"rendered":"","protected":false},"excerpt":{"rendered":"<p>La silla met\u00e1lica Balloon est\u00e1 fabricada en acero inoxidable de color plateado. Esta silla es adecuada para decorar el sal\u00f3n, el recibidor o el dormitorio con un dise\u00f1o m\u00e1s futurista. Su acabado en acero inoxidable proporciona durabilidad y resistencia, garantizando un mueble de calidad para su espacio<\/p>","protected":false},"featured_media":2179,"comment_status":"open","ping_status":"closed","template":"","meta":{"_acf_changed":false},"product_brand":[],"product_cat":[80,61,69,164],"product_tag":[],"class_list":{"0":"post-2585","1":"product","2":"type-product","3":"status-publish","4":"has-post-thumbnail","6":"product_cat-cadeiras","7":"product_cat-mobiliario","8":"product_cat-poltronas","9":"product_cat-promocoes","11":"first","12":"outofstock","13":"taxable","14":"shipping-taxable","15":"purchasable","16":"product-type-simple"},"acf":[],"aioseo_notices":[],"_links":{"self":[{"href":"https:\/\/silenthome.com\/es\/wp-json\/wp\/v2\/product\/2585","targetHints":{"allow":["GET"]}}],"collection":[{"href":"https:\/\/silenthome.com\/es\/wp-json\/wp\/v2\/product"}],"about":[{"href":"https:\/\/silenthome.com\/es\/wp-json\/wp\/v2\/types\/product"}],"replies":[{"embeddable":true,"href":"https:\/\/silenthome.com\/es\/wp-json\/wp\/v2\/comments?post=2585"}],"wp:featuredmedia":[{"embeddable":true,"href":"https:\/\/silenthome.com\/es\/wp-json\/wp\/v2\/media\/2179"}],"wp:attachment":[{"href":"https:\/\/silenthome.com\/es\/wp-json\/wp\/v2\/media?parent=2585"}],"wp:term":[{"taxonomy":"product_brand","embeddable":true,"href":"https:\/\/silenthome.com\/es\/wp-json\/wp\/v2\/product_brand?post=2585"},{"taxonomy":"product_cat","embeddable":true,"href":"https:\/\/silenthome.com\/es\/wp-json\/wp\/v2\/product_cat?post=2585"},{"taxonomy":"product_tag","embeddable":true,"href":"https:\/\/silenthome.com\/es\/wp-json\/wp\/v2\/product_tag?post=2585"}],"curies":[{"name":"wp","href":"https:\/\/api.w.org\/{rel}","templated":true}]}}