{"id":2580,"date":"2024-05-08T11:38:41","date_gmt":"2024-05-08T10:38:41","guid":{"rendered":"https:\/\/silenthome.com\/produto\/candeeiro-de-mesa-cloud\/"},"modified":"2026-04-01T12:34:01","modified_gmt":"2026-04-01T11:34:01","slug":"cloud-candeeiro-de-mesa","status":"publish","type":"product","link":"https:\/\/silenthome.com\/es\/producto\/cloud-candeeiro-de-mesa\/","title":{"rendered":"L\u00e1mpara de mesa Cloud"},"content":{"rendered":"","protected":false},"excerpt":{"rendered":"<p>La l\u00e1mpara de mesa Cloud tiene una estructura dorada con unas dimensiones de 280 mm de di\u00e1metro y 530 mm de altura. Su <strong>versatilidad<\/strong> permite utilizarlo en la mesilla de noche del dormitorio o en el escritorio de la oficina. Adem\u00e1s de proporcionar <strong>iluminaci\u00f3n funcional<\/strong>, su <strong>dise\u00f1o elegante<\/strong> a\u00f1ade un <strong>toque de sofisticaci\u00f3n<\/strong> al espacio, complementando la decoraci\u00f3n de forma armoniosa.<\/p>","protected":false},"featured_media":8974,"comment_status":"open","ping_status":"closed","template":"","meta":{"_acf_changed":false},"product_brand":[],"product_cat":[67,66],"product_tag":[],"class_list":{"0":"post-2580","1":"product","2":"type-product","3":"status-publish","4":"has-post-thumbnail","6":"product_cat-candeeiros-de-mesa","7":"product_cat-iluminacao","9":"first","10":"instock","11":"taxable","12":"shipping-taxable","13":"purchasable","14":"product-type-simple"},"acf":[],"aioseo_notices":[],"_links":{"self":[{"href":"https:\/\/silenthome.com\/es\/wp-json\/wp\/v2\/product\/2580","targetHints":{"allow":["GET"]}}],"collection":[{"href":"https:\/\/silenthome.com\/es\/wp-json\/wp\/v2\/product"}],"about":[{"href":"https:\/\/silenthome.com\/es\/wp-json\/wp\/v2\/types\/product"}],"replies":[{"embeddable":true,"href":"https:\/\/silenthome.com\/es\/wp-json\/wp\/v2\/comments?post=2580"}],"wp:featuredmedia":[{"embeddable":true,"href":"https:\/\/silenthome.com\/es\/wp-json\/wp\/v2\/media\/8974"}],"wp:attachment":[{"href":"https:\/\/silenthome.com\/es\/wp-json\/wp\/v2\/media?parent=2580"}],"wp:term":[{"taxonomy":"product_brand","embeddable":true,"href":"https:\/\/silenthome.com\/es\/wp-json\/wp\/v2\/product_brand?post=2580"},{"taxonomy":"product_cat","embeddable":true,"href":"https:\/\/silenthome.com\/es\/wp-json\/wp\/v2\/product_cat?post=2580"},{"taxonomy":"product_tag","embeddable":true,"href":"https:\/\/silenthome.com\/es\/wp-json\/wp\/v2\/product_tag?post=2580"}],"curies":[{"name":"wp","href":"https:\/\/api.w.org\/{rel}","templated":true}]}}