{"id":2578,"date":"2024-05-08T11:38:38","date_gmt":"2024-05-08T10:38:38","guid":{"rendered":"https:\/\/silenthome.com\/produto\/candeeiro-de-chao-scenario-cromado\/"},"modified":"2026-04-01T12:33:27","modified_gmt":"2026-04-01T11:33:27","slug":"candeeiro-de-chao-scenario-cromado","status":"publish","type":"product","link":"https:\/\/silenthome.com\/es\/producto\/candeeiro-de-chao-scenario-cromado\/","title":{"rendered":"L\u00e1mpara de pie Scenario Cromo"},"content":{"rendered":"","protected":false},"excerpt":{"rendered":"<p>La l\u00e1mpara de pie Scenario Chrome ofrece una experiencia de iluminaci\u00f3n \u00fanica. Con una altura de 1,8 metros y 5 focos diferentes, ofrece una experiencia de iluminaci\u00f3n \u00fanica.<strong> look sofisticado<\/strong> e <strong>elegante<\/strong>. Los focos pueden utilizarse con el <strong>filtros de colores<\/strong> para conseguir un efecto multicolor, o sin filtros para una luz uniforme. Su dise\u00f1o cromado eleva el estilo de la habitaci\u00f3n y a\u00f1ade un toque extra de color. <strong>toque moderno<\/strong> a cualquier espacio.<\/p>","protected":false},"featured_media":9636,"comment_status":"open","ping_status":"closed","template":"","meta":{"_acf_changed":false},"product_brand":[],"product_cat":[76,66],"product_tag":[],"class_list":{"0":"post-2578","1":"product","2":"type-product","3":"status-publish","4":"has-post-thumbnail","6":"product_cat-candeeiros-de-pe","7":"product_cat-iluminacao","9":"first","10":"instock","11":"taxable","12":"shipping-taxable","13":"purchasable","14":"product-type-simple"},"acf":[],"aioseo_notices":[],"_links":{"self":[{"href":"https:\/\/silenthome.com\/es\/wp-json\/wp\/v2\/product\/2578","targetHints":{"allow":["GET"]}}],"collection":[{"href":"https:\/\/silenthome.com\/es\/wp-json\/wp\/v2\/product"}],"about":[{"href":"https:\/\/silenthome.com\/es\/wp-json\/wp\/v2\/types\/product"}],"replies":[{"embeddable":true,"href":"https:\/\/silenthome.com\/es\/wp-json\/wp\/v2\/comments?post=2578"}],"wp:featuredmedia":[{"embeddable":true,"href":"https:\/\/silenthome.com\/es\/wp-json\/wp\/v2\/media\/9636"}],"wp:attachment":[{"href":"https:\/\/silenthome.com\/es\/wp-json\/wp\/v2\/media?parent=2578"}],"wp:term":[{"taxonomy":"product_brand","embeddable":true,"href":"https:\/\/silenthome.com\/es\/wp-json\/wp\/v2\/product_brand?post=2578"},{"taxonomy":"product_cat","embeddable":true,"href":"https:\/\/silenthome.com\/es\/wp-json\/wp\/v2\/product_cat?post=2578"},{"taxonomy":"product_tag","embeddable":true,"href":"https:\/\/silenthome.com\/es\/wp-json\/wp\/v2\/product_tag?post=2578"}],"curies":[{"name":"wp","href":"https:\/\/api.w.org\/{rel}","templated":true}]}}