{"id":2574,"date":"2024-05-08T11:38:30","date_gmt":"2024-05-08T10:38:30","guid":{"rendered":"https:\/\/silenthome.com\/produto\/candeeiro-de-teto-paper-led\/"},"modified":"2026-04-14T16:48:39","modified_gmt":"2026-04-14T15:48:39","slug":"paper-led-candeeiro-de-teto","status":"publish","type":"product","link":"https:\/\/silenthome.com\/es\/producto\/paper-led-candeeiro-de-teto\/","title":{"rendered":"PAPEL L\u00e1mpara de techo LED"},"content":{"rendered":"","protected":false},"excerpt":{"rendered":"<p>La l\u00e1mpara de techo Paper LED ofrece una luz transparente \u00fanica, con sus elegantes dimensiones esta l\u00e1mpara de mesa proporciona un <strong>iluminaci\u00f3n suave<\/strong>destacando como <strong>pieza decorativa contempor\u00e1nea<\/strong>. A\u00f1ada un toque de encanto a su espacio vital creando un <strong>ambiente acogedor<\/strong> e<strong> iluminado<\/strong>.<\/p>","protected":false},"featured_media":9637,"comment_status":"open","ping_status":"closed","template":"","meta":{"_acf_changed":false},"product_brand":[],"product_cat":[87,66],"product_tag":[],"class_list":{"0":"post-2574","1":"product","2":"type-product","3":"status-publish","4":"has-post-thumbnail","6":"product_cat-candeeiros-de-tecto","7":"product_cat-iluminacao","9":"first","10":"instock","11":"taxable","12":"shipping-taxable","13":"purchasable","14":"product-type-simple"},"acf":[],"aioseo_notices":[],"_links":{"self":[{"href":"https:\/\/silenthome.com\/es\/wp-json\/wp\/v2\/product\/2574","targetHints":{"allow":["GET"]}}],"collection":[{"href":"https:\/\/silenthome.com\/es\/wp-json\/wp\/v2\/product"}],"about":[{"href":"https:\/\/silenthome.com\/es\/wp-json\/wp\/v2\/types\/product"}],"replies":[{"embeddable":true,"href":"https:\/\/silenthome.com\/es\/wp-json\/wp\/v2\/comments?post=2574"}],"wp:featuredmedia":[{"embeddable":true,"href":"https:\/\/silenthome.com\/es\/wp-json\/wp\/v2\/media\/9637"}],"wp:attachment":[{"href":"https:\/\/silenthome.com\/es\/wp-json\/wp\/v2\/media?parent=2574"}],"wp:term":[{"taxonomy":"product_brand","embeddable":true,"href":"https:\/\/silenthome.com\/es\/wp-json\/wp\/v2\/product_brand?post=2574"},{"taxonomy":"product_cat","embeddable":true,"href":"https:\/\/silenthome.com\/es\/wp-json\/wp\/v2\/product_cat?post=2574"},{"taxonomy":"product_tag","embeddable":true,"href":"https:\/\/silenthome.com\/es\/wp-json\/wp\/v2\/product_tag?post=2574"}],"curies":[{"name":"wp","href":"https:\/\/api.w.org\/{rel}","templated":true}]}}