{"id":2572,"date":"2024-05-08T11:38:25","date_gmt":"2024-05-08T10:38:25","guid":{"rendered":"https:\/\/silenthome.com\/produto\/candeeiro-de-mesa-paper-led-2\/"},"modified":"2026-04-01T12:31:20","modified_gmt":"2026-04-01T11:31:20","slug":"paper-led-candeeiro-de-mesa-2","status":"publish","type":"product","link":"https:\/\/silenthome.com\/es\/producto\/paper-led-candeeiro-de-mesa-2\/","title":{"rendered":"L\u00e1mpara de sobremesa LED PAPER"},"content":{"rendered":"","protected":false},"excerpt":{"rendered":"<p>La l\u00e1mpara de mesa Paper LED ofrece una luz transparente \u00fanica, con unas dimensiones elegantes esta l\u00e1mpara de mesa proporciona una iluminaci\u00f3n suave, destacando como una pieza decorativa contempor\u00e1nea. A\u00f1ada un toque de encanto a su espacio creando un ambiente acogedor e iluminado.<\/p>","protected":false},"featured_media":9651,"comment_status":"open","ping_status":"closed","template":"","meta":{"_acf_changed":false},"product_brand":[],"product_cat":[67,66],"product_tag":[],"class_list":{"0":"post-2572","1":"product","2":"type-product","3":"status-publish","4":"has-post-thumbnail","6":"product_cat-candeeiros-de-mesa","7":"product_cat-iluminacao","9":"first","10":"instock","11":"taxable","12":"shipping-taxable","13":"purchasable","14":"product-type-simple"},"acf":[],"aioseo_notices":[],"_links":{"self":[{"href":"https:\/\/silenthome.com\/es\/wp-json\/wp\/v2\/product\/2572","targetHints":{"allow":["GET"]}}],"collection":[{"href":"https:\/\/silenthome.com\/es\/wp-json\/wp\/v2\/product"}],"about":[{"href":"https:\/\/silenthome.com\/es\/wp-json\/wp\/v2\/types\/product"}],"replies":[{"embeddable":true,"href":"https:\/\/silenthome.com\/es\/wp-json\/wp\/v2\/comments?post=2572"}],"wp:featuredmedia":[{"embeddable":true,"href":"https:\/\/silenthome.com\/es\/wp-json\/wp\/v2\/media\/9651"}],"wp:attachment":[{"href":"https:\/\/silenthome.com\/es\/wp-json\/wp\/v2\/media?parent=2572"}],"wp:term":[{"taxonomy":"product_brand","embeddable":true,"href":"https:\/\/silenthome.com\/es\/wp-json\/wp\/v2\/product_brand?post=2572"},{"taxonomy":"product_cat","embeddable":true,"href":"https:\/\/silenthome.com\/es\/wp-json\/wp\/v2\/product_cat?post=2572"},{"taxonomy":"product_tag","embeddable":true,"href":"https:\/\/silenthome.com\/es\/wp-json\/wp\/v2\/product_tag?post=2572"}],"curies":[{"name":"wp","href":"https:\/\/api.w.org\/{rel}","templated":true}]}}