{"id":2569,"date":"2024-05-08T11:38:18","date_gmt":"2024-05-08T10:38:18","guid":{"rendered":"https:\/\/silenthome.com\/produto\/candeeiro-de-teto-vidro-dropping-castanho\/"},"modified":"2026-04-01T12:34:47","modified_gmt":"2026-04-01T11:34:47","slug":"candeeiro-de-teto-vidro-dropping-castanho","status":"publish","type":"product","link":"https:\/\/silenthome.com\/es\/producto\/candeeiro-de-teto-vidro-dropping-castanho\/","title":{"rendered":"L\u00e1mpara de techo Dropping Glass Marr\u00f3n"},"content":{"rendered":"","protected":false},"excerpt":{"rendered":"<p>La l\u00e1mpara de techo Dropping, con acabado de cristal, mide 38x80x200 mm. Ideal para salones, dormitorios o espacios sociales, esta l\u00e1mpara crea un ambiente acogedor y acogedor.<\/p>","protected":false},"featured_media":9632,"comment_status":"open","ping_status":"closed","template":"","meta":{"_acf_changed":false},"product_brand":[],"product_cat":[87,66],"product_tag":[],"class_list":{"0":"post-2569","1":"product","2":"type-product","3":"status-publish","4":"has-post-thumbnail","6":"product_cat-candeeiros-de-tecto","7":"product_cat-iluminacao","9":"first","10":"instock","11":"taxable","12":"shipping-taxable","13":"purchasable","14":"product-type-simple"},"acf":[],"aioseo_notices":[],"_links":{"self":[{"href":"https:\/\/silenthome.com\/es\/wp-json\/wp\/v2\/product\/2569","targetHints":{"allow":["GET"]}}],"collection":[{"href":"https:\/\/silenthome.com\/es\/wp-json\/wp\/v2\/product"}],"about":[{"href":"https:\/\/silenthome.com\/es\/wp-json\/wp\/v2\/types\/product"}],"replies":[{"embeddable":true,"href":"https:\/\/silenthome.com\/es\/wp-json\/wp\/v2\/comments?post=2569"}],"wp:featuredmedia":[{"embeddable":true,"href":"https:\/\/silenthome.com\/es\/wp-json\/wp\/v2\/media\/9632"}],"wp:attachment":[{"href":"https:\/\/silenthome.com\/es\/wp-json\/wp\/v2\/media?parent=2569"}],"wp:term":[{"taxonomy":"product_brand","embeddable":true,"href":"https:\/\/silenthome.com\/es\/wp-json\/wp\/v2\/product_brand?post=2569"},{"taxonomy":"product_cat","embeddable":true,"href":"https:\/\/silenthome.com\/es\/wp-json\/wp\/v2\/product_cat?post=2569"},{"taxonomy":"product_tag","embeddable":true,"href":"https:\/\/silenthome.com\/es\/wp-json\/wp\/v2\/product_tag?post=2569"}],"curies":[{"name":"wp","href":"https:\/\/api.w.org\/{rel}","templated":true}]}}