{"id":2564,"date":"2024-05-08T11:38:10","date_gmt":"2024-05-08T10:38:10","guid":{"rendered":"https:\/\/silenthome.com\/produto\/cadeira-lene-em-pele-taupe\/"},"modified":"2026-04-14T16:48:36","modified_gmt":"2026-04-14T15:48:36","slug":"cadeira-lene-em-pele-taupe","status":"publish","type":"product","link":"https:\/\/silenthome.com\/es\/producto\/cadeira-lene-em-pele-taupe\/","title":{"rendered":"Silla Lene en ecopiel topo"},"content":{"rendered":"","protected":false},"excerpt":{"rendered":"<p>La Silla Lene de ecopiel es la m\u00e1xima expresi\u00f3n de <strong>elegancia y confort<\/strong> sofisticada. Esta silla proporciona una experiencia de asiento de lujo. Perfecta para a\u00f1adir un toque de modernidad a su comedor y crear un ambiente donde la <strong>dise\u00f1o contempor\u00e1neo<\/strong> combina la excelencia con el confort para acoger a sus invitados.<\/p>","protected":false},"featured_media":1843,"comment_status":"open","ping_status":"closed","template":"","meta":{"_acf_changed":false},"product_brand":[],"product_cat":[80,61],"product_tag":[],"class_list":{"0":"post-2564","1":"product","2":"type-product","3":"status-publish","4":"has-post-thumbnail","6":"product_cat-cadeiras","7":"product_cat-mobiliario","9":"first","10":"instock","11":"taxable","12":"shipping-taxable","13":"purchasable","14":"product-type-simple"},"acf":[],"aioseo_notices":[],"_links":{"self":[{"href":"https:\/\/silenthome.com\/es\/wp-json\/wp\/v2\/product\/2564","targetHints":{"allow":["GET"]}}],"collection":[{"href":"https:\/\/silenthome.com\/es\/wp-json\/wp\/v2\/product"}],"about":[{"href":"https:\/\/silenthome.com\/es\/wp-json\/wp\/v2\/types\/product"}],"replies":[{"embeddable":true,"href":"https:\/\/silenthome.com\/es\/wp-json\/wp\/v2\/comments?post=2564"}],"wp:featuredmedia":[{"embeddable":true,"href":"https:\/\/silenthome.com\/es\/wp-json\/wp\/v2\/media\/1843"}],"wp:attachment":[{"href":"https:\/\/silenthome.com\/es\/wp-json\/wp\/v2\/media?parent=2564"}],"wp:term":[{"taxonomy":"product_brand","embeddable":true,"href":"https:\/\/silenthome.com\/es\/wp-json\/wp\/v2\/product_brand?post=2564"},{"taxonomy":"product_cat","embeddable":true,"href":"https:\/\/silenthome.com\/es\/wp-json\/wp\/v2\/product_cat?post=2564"},{"taxonomy":"product_tag","embeddable":true,"href":"https:\/\/silenthome.com\/es\/wp-json\/wp\/v2\/product_tag?post=2564"}],"curies":[{"name":"wp","href":"https:\/\/api.w.org\/{rel}","templated":true}]}}