{"id":2549,"date":"2024-05-08T11:37:37","date_gmt":"2024-05-08T10:37:37","guid":{"rendered":"https:\/\/silenthome.com\/produto\/cadeira-los-angeles-em-pele-taupe\/"},"modified":"2026-04-01T23:12:04","modified_gmt":"2026-04-01T22:12:04","slug":"cadeira-los-angeles-em-pele-taupe","status":"publish","type":"product","link":"https:\/\/silenthome.com\/es\/producto\/cadeira-los-angeles-em-pele-taupe\/","title":{"rendered":"Silla Los Angeles en ecopiel topo"},"content":{"rendered":"","protected":false},"excerpt":{"rendered":"<p>La silla Los \u00c1ngeles est\u00e1 tapizada en ecopiel y cuenta con un <strong>dise\u00f1o sencillo y elegante<\/strong>. Ideal para diferentes espacios, desde comedores hasta zonas de estudio o dormitorios. Tanto si buscas descansar mientras lees un libro como si est\u00e1s cenando, esta silla es la elecci\u00f3n perfecta. <strong>moderno y pr\u00e1ctico<\/strong>.<\/p>","protected":false},"featured_media":1807,"comment_status":"open","ping_status":"closed","template":"","meta":{"_acf_changed":false},"product_brand":[],"product_cat":[80,61,164],"product_tag":[],"class_list":{"0":"post-2549","1":"product","2":"type-product","3":"status-publish","4":"has-post-thumbnail","6":"product_cat-cadeiras","7":"product_cat-mobiliario","8":"product_cat-promocoes","10":"first","11":"instock","12":"taxable","13":"shipping-taxable","14":"purchasable","15":"product-type-simple"},"acf":[],"aioseo_notices":[],"_links":{"self":[{"href":"https:\/\/silenthome.com\/es\/wp-json\/wp\/v2\/product\/2549","targetHints":{"allow":["GET"]}}],"collection":[{"href":"https:\/\/silenthome.com\/es\/wp-json\/wp\/v2\/product"}],"about":[{"href":"https:\/\/silenthome.com\/es\/wp-json\/wp\/v2\/types\/product"}],"replies":[{"embeddable":true,"href":"https:\/\/silenthome.com\/es\/wp-json\/wp\/v2\/comments?post=2549"}],"wp:featuredmedia":[{"embeddable":true,"href":"https:\/\/silenthome.com\/es\/wp-json\/wp\/v2\/media\/1807"}],"wp:attachment":[{"href":"https:\/\/silenthome.com\/es\/wp-json\/wp\/v2\/media?parent=2549"}],"wp:term":[{"taxonomy":"product_brand","embeddable":true,"href":"https:\/\/silenthome.com\/es\/wp-json\/wp\/v2\/product_brand?post=2549"},{"taxonomy":"product_cat","embeddable":true,"href":"https:\/\/silenthome.com\/es\/wp-json\/wp\/v2\/product_cat?post=2549"},{"taxonomy":"product_tag","embeddable":true,"href":"https:\/\/silenthome.com\/es\/wp-json\/wp\/v2\/product_tag?post=2549"}],"curies":[{"name":"wp","href":"https:\/\/api.w.org\/{rel}","templated":true}]}}