{"id":2544,"date":"2024-05-08T11:37:27","date_gmt":"2024-05-08T10:37:27","guid":{"rendered":"https:\/\/silenthome.com\/produto\/cadeira-transparente-em-acrilico\/"},"modified":"2026-04-14T16:48:33","modified_gmt":"2026-04-14T15:48:33","slug":"cadeira-transparente-em-acrilico","status":"publish","type":"product","link":"https:\/\/silenthome.com\/es\/producto\/cadeira-transparente-em-acrilico\/","title":{"rendered":"Silla de acr\u00edlico transparente"},"content":{"rendered":"","protected":false},"excerpt":{"rendered":"<p>Esta silla tiene un armaz\u00f3n acr\u00edlico transparente y destaca por sus l\u00edneas modernas. Se adapta a una gran variedad de ambientes, como comedores, despachos, recibidores o incluso su balc\u00f3n. Su dise\u00f1o transparente a\u00f1ade un toque contempor\u00e1neo al ambiente, lo que le permite combinar perfectamente con diferentes estilos de decoraci\u00f3n<\/p>","protected":false},"featured_media":1785,"comment_status":"open","ping_status":"closed","template":"","meta":{"_acf_changed":false},"product_brand":[],"product_cat":[80,61,164],"product_tag":[],"class_list":{"0":"post-2544","1":"product","2":"type-product","3":"status-publish","4":"has-post-thumbnail","6":"product_cat-cadeiras","7":"product_cat-mobiliario","8":"product_cat-promocoes","10":"first","11":"instock","12":"taxable","13":"shipping-taxable","14":"purchasable","15":"product-type-simple"},"acf":[],"aioseo_notices":[],"_links":{"self":[{"href":"https:\/\/silenthome.com\/es\/wp-json\/wp\/v2\/product\/2544","targetHints":{"allow":["GET"]}}],"collection":[{"href":"https:\/\/silenthome.com\/es\/wp-json\/wp\/v2\/product"}],"about":[{"href":"https:\/\/silenthome.com\/es\/wp-json\/wp\/v2\/types\/product"}],"replies":[{"embeddable":true,"href":"https:\/\/silenthome.com\/es\/wp-json\/wp\/v2\/comments?post=2544"}],"wp:featuredmedia":[{"embeddable":true,"href":"https:\/\/silenthome.com\/es\/wp-json\/wp\/v2\/media\/1785"}],"wp:attachment":[{"href":"https:\/\/silenthome.com\/es\/wp-json\/wp\/v2\/media?parent=2544"}],"wp:term":[{"taxonomy":"product_brand","embeddable":true,"href":"https:\/\/silenthome.com\/es\/wp-json\/wp\/v2\/product_brand?post=2544"},{"taxonomy":"product_cat","embeddable":true,"href":"https:\/\/silenthome.com\/es\/wp-json\/wp\/v2\/product_cat?post=2544"},{"taxonomy":"product_tag","embeddable":true,"href":"https:\/\/silenthome.com\/es\/wp-json\/wp\/v2\/product_tag?post=2544"}],"curies":[{"name":"wp","href":"https:\/\/api.w.org\/{rel}","templated":true}]}}