{"id":2540,"date":"2024-05-08T11:37:20","date_gmt":"2024-05-08T10:37:20","guid":{"rendered":"https:\/\/silenthome.com\/produto\/sofa-cama-pause-em-veludo-taupe\/"},"modified":"2026-04-01T14:21:54","modified_gmt":"2026-04-01T13:21:54","slug":"pause-sofa-cama-em-veludo-taupe","status":"publish","type":"product","link":"https:\/\/silenthome.com\/es\/producto\/pause-sofa-cama-em-veludo-taupe\/","title":{"rendered":"Sof\u00e1 cama de terciopelo topo Pause"},"content":{"rendered":"","protected":false},"excerpt":{"rendered":"<p>El sof\u00e1 cama Pause tiene una estructura recubierta de terciopelo. Ideal para salones <strong>multifuncional<\/strong> o espacios compactos, ofreciendo una soluci\u00f3n <strong>acogedor<\/strong> para sentarse durante el d\u00eda y dormir por la noche. Su <strong>versatilidad<\/strong> lo convierte en una elecci\u00f3n <strong>pr\u00e1ctica<\/strong> para pisos o habitaciones de invitados. Adem\u00e1s, a\u00f1ade un toque <strong>elegancia y sofisticaci\u00f3n<\/strong> al medio ambiente.<\/p>","protected":false},"featured_media":3408,"comment_status":"open","ping_status":"closed","template":"","meta":{"_acf_changed":false},"product_brand":[],"product_cat":[61,63],"product_tag":[],"class_list":{"0":"post-2540","1":"product","2":"type-product","3":"status-publish","4":"has-post-thumbnail","6":"product_cat-mobiliario","7":"product_cat-sofas","9":"first","10":"outofstock","11":"taxable","12":"shipping-taxable","13":"purchasable","14":"product-type-simple"},"acf":[],"aioseo_notices":[],"_links":{"self":[{"href":"https:\/\/silenthome.com\/es\/wp-json\/wp\/v2\/product\/2540","targetHints":{"allow":["GET"]}}],"collection":[{"href":"https:\/\/silenthome.com\/es\/wp-json\/wp\/v2\/product"}],"about":[{"href":"https:\/\/silenthome.com\/es\/wp-json\/wp\/v2\/types\/product"}],"replies":[{"embeddable":true,"href":"https:\/\/silenthome.com\/es\/wp-json\/wp\/v2\/comments?post=2540"}],"wp:featuredmedia":[{"embeddable":true,"href":"https:\/\/silenthome.com\/es\/wp-json\/wp\/v2\/media\/3408"}],"wp:attachment":[{"href":"https:\/\/silenthome.com\/es\/wp-json\/wp\/v2\/media?parent=2540"}],"wp:term":[{"taxonomy":"product_brand","embeddable":true,"href":"https:\/\/silenthome.com\/es\/wp-json\/wp\/v2\/product_brand?post=2540"},{"taxonomy":"product_cat","embeddable":true,"href":"https:\/\/silenthome.com\/es\/wp-json\/wp\/v2\/product_cat?post=2540"},{"taxonomy":"product_tag","embeddable":true,"href":"https:\/\/silenthome.com\/es\/wp-json\/wp\/v2\/product_tag?post=2540"}],"curies":[{"name":"wp","href":"https:\/\/api.w.org\/{rel}","templated":true}]}}