{"id":2524,"date":"2024-05-08T11:36:46","date_gmt":"2024-05-08T10:36:46","guid":{"rendered":"https:\/\/silenthome.com\/produto\/candeeiro-de-mesa-stone\/"},"modified":"2026-04-01T12:27:39","modified_gmt":"2026-04-01T11:27:39","slug":"stone-candeeiro-de-mesa","status":"publish","type":"product","link":"https:\/\/silenthome.com\/es\/producto\/stone-candeeiro-de-mesa\/","title":{"rendered":"L\u00e1mpara de sobremesa de piedra"},"content":{"rendered":"","protected":false},"excerpt":{"rendered":"<p>La l\u00e1mpara de mesa Stone es una obra maestra de la iluminaci\u00f3n que combina forma y funci\u00f3n. Embellecida con tonos beige, esta l\u00e1mpara a\u00f1ade un <strong>aura de elegancia<\/strong> a cualquier espacio. Su forma rectangular proporciona una distribuci\u00f3n uniforme de la luz, creando un<strong> ambiente acogedor<\/strong>. Es simplemente una expresi\u00f3n de <strong>dise\u00f1o contempor\u00e1neo<\/strong> que eleva el estilo de su entorno.<\/p>","protected":false},"featured_media":1449,"comment_status":"open","ping_status":"closed","template":"","meta":{"_acf_changed":false},"product_brand":[],"product_cat":[67,66],"product_tag":[],"class_list":{"0":"post-2524","1":"product","2":"type-product","3":"status-publish","4":"has-post-thumbnail","6":"product_cat-candeeiros-de-mesa","7":"product_cat-iluminacao","9":"first","10":"outofstock","11":"taxable","12":"shipping-taxable","13":"purchasable","14":"product-type-simple"},"acf":[],"aioseo_notices":[],"_links":{"self":[{"href":"https:\/\/silenthome.com\/es\/wp-json\/wp\/v2\/product\/2524","targetHints":{"allow":["GET"]}}],"collection":[{"href":"https:\/\/silenthome.com\/es\/wp-json\/wp\/v2\/product"}],"about":[{"href":"https:\/\/silenthome.com\/es\/wp-json\/wp\/v2\/types\/product"}],"replies":[{"embeddable":true,"href":"https:\/\/silenthome.com\/es\/wp-json\/wp\/v2\/comments?post=2524"}],"wp:featuredmedia":[{"embeddable":true,"href":"https:\/\/silenthome.com\/es\/wp-json\/wp\/v2\/media\/1449"}],"wp:attachment":[{"href":"https:\/\/silenthome.com\/es\/wp-json\/wp\/v2\/media?parent=2524"}],"wp:term":[{"taxonomy":"product_brand","embeddable":true,"href":"https:\/\/silenthome.com\/es\/wp-json\/wp\/v2\/product_brand?post=2524"},{"taxonomy":"product_cat","embeddable":true,"href":"https:\/\/silenthome.com\/es\/wp-json\/wp\/v2\/product_cat?post=2524"},{"taxonomy":"product_tag","embeddable":true,"href":"https:\/\/silenthome.com\/es\/wp-json\/wp\/v2\/product_tag?post=2524"}],"curies":[{"name":"wp","href":"https:\/\/api.w.org\/{rel}","templated":true}]}}