{"id":2523,"date":"2024-05-08T11:36:44","date_gmt":"2024-05-08T10:36:44","guid":{"rendered":"https:\/\/silenthome.com\/produto\/candeeiro-de-mesa-efeito-cone\/"},"modified":"2026-04-01T12:27:27","modified_gmt":"2026-04-01T11:27:27","slug":"candeeiro-de-mesa-efeito-cone","status":"publish","type":"product","link":"https:\/\/silenthome.com\/es\/producto\/candeeiro-de-mesa-efeito-cone\/","title":{"rendered":"L\u00e1mpara de mesa efecto cono"},"content":{"rendered":"","protected":false},"excerpt":{"rendered":"<p>La l\u00e1mpara de mesa Efecto Cono en gris y dorado es toda una declaraci\u00f3n de sofisticaci\u00f3n. Con una base de m\u00e1rmol y detalles de metal dorado, esta l\u00e1mpara exuda<strong> elegancia<\/strong> e <strong>estilo contempor\u00e1neo<\/strong>. Con su imponente presencia y la sofisticada combinaci\u00f3n de colores, a\u00f1ade un <strong>toque de glamour<\/strong> a su espacio. D\u00e9jese envolver por la suave luz y la cautivadora belleza de esta l\u00e1mpara, transformando cualquier estancia en una expresi\u00f3n de buen gusto.<\/p>","protected":false},"featured_media":1448,"comment_status":"open","ping_status":"closed","template":"","meta":{"_acf_changed":false},"product_brand":[],"product_cat":[67,66],"product_tag":[],"class_list":{"0":"post-2523","1":"product","2":"type-product","3":"status-publish","4":"has-post-thumbnail","6":"product_cat-candeeiros-de-mesa","7":"product_cat-iluminacao","9":"first","10":"instock","11":"taxable","12":"shipping-taxable","13":"purchasable","14":"product-type-simple"},"acf":[],"aioseo_notices":[],"_links":{"self":[{"href":"https:\/\/silenthome.com\/es\/wp-json\/wp\/v2\/product\/2523","targetHints":{"allow":["GET"]}}],"collection":[{"href":"https:\/\/silenthome.com\/es\/wp-json\/wp\/v2\/product"}],"about":[{"href":"https:\/\/silenthome.com\/es\/wp-json\/wp\/v2\/types\/product"}],"replies":[{"embeddable":true,"href":"https:\/\/silenthome.com\/es\/wp-json\/wp\/v2\/comments?post=2523"}],"wp:featuredmedia":[{"embeddable":true,"href":"https:\/\/silenthome.com\/es\/wp-json\/wp\/v2\/media\/1448"}],"wp:attachment":[{"href":"https:\/\/silenthome.com\/es\/wp-json\/wp\/v2\/media?parent=2523"}],"wp:term":[{"taxonomy":"product_brand","embeddable":true,"href":"https:\/\/silenthome.com\/es\/wp-json\/wp\/v2\/product_brand?post=2523"},{"taxonomy":"product_cat","embeddable":true,"href":"https:\/\/silenthome.com\/es\/wp-json\/wp\/v2\/product_cat?post=2523"},{"taxonomy":"product_tag","embeddable":true,"href":"https:\/\/silenthome.com\/es\/wp-json\/wp\/v2\/product_tag?post=2523"}],"curies":[{"name":"wp","href":"https:\/\/api.w.org\/{rel}","templated":true}]}}