{"id":2521,"date":"2024-05-08T11:36:40","date_gmt":"2024-05-08T10:36:40","guid":{"rendered":"https:\/\/silenthome.com\/produto\/candeeiro-de-mesa-aurora-rose\/"},"modified":"2026-04-01T12:26:56","modified_gmt":"2026-04-01T11:26:56","slug":"aurora-candeeiro-de-mesa-dourado","status":"publish","type":"product","link":"https:\/\/silenthome.com\/es\/producto\/aurora-candeeiro-de-mesa-dourado\/","title":{"rendered":"L\u00e1mpara de mesa Aurora Golden"},"content":{"rendered":"","protected":false},"excerpt":{"rendered":"<p>La l\u00e1mpara de sobremesa Aurora es una aut\u00e9ntica obra de arte luminosa. Combinando <strong>elegancia<\/strong> de gris con un toque dorado, esta l\u00e1mpara tiene una base de hormig\u00f3n que a\u00f1ade un toque extra de color. <strong>toque sofisticado<\/strong> a su espacio. Su estructura de cristal complementa a la perfecci\u00f3n el dise\u00f1o, creando un<strong> ambiente encantador<\/strong>. Ideal para a\u00f1adir un <strong>brillo sutil<\/strong> e <strong>elegante<\/strong> a su sal\u00f3n, dormitorio u oficina.<\/p>","protected":false},"featured_media":1446,"comment_status":"open","ping_status":"closed","template":"","meta":{"_acf_changed":false},"product_brand":[],"product_cat":[67,66],"product_tag":[],"class_list":{"0":"post-2521","1":"product","2":"type-product","3":"status-publish","4":"has-post-thumbnail","6":"product_cat-candeeiros-de-mesa","7":"product_cat-iluminacao","9":"first","10":"instock","11":"taxable","12":"shipping-taxable","13":"purchasable","14":"product-type-simple"},"acf":[],"aioseo_notices":[],"_links":{"self":[{"href":"https:\/\/silenthome.com\/es\/wp-json\/wp\/v2\/product\/2521","targetHints":{"allow":["GET"]}}],"collection":[{"href":"https:\/\/silenthome.com\/es\/wp-json\/wp\/v2\/product"}],"about":[{"href":"https:\/\/silenthome.com\/es\/wp-json\/wp\/v2\/types\/product"}],"replies":[{"embeddable":true,"href":"https:\/\/silenthome.com\/es\/wp-json\/wp\/v2\/comments?post=2521"}],"wp:featuredmedia":[{"embeddable":true,"href":"https:\/\/silenthome.com\/es\/wp-json\/wp\/v2\/media\/1446"}],"wp:attachment":[{"href":"https:\/\/silenthome.com\/es\/wp-json\/wp\/v2\/media?parent=2521"}],"wp:term":[{"taxonomy":"product_brand","embeddable":true,"href":"https:\/\/silenthome.com\/es\/wp-json\/wp\/v2\/product_brand?post=2521"},{"taxonomy":"product_cat","embeddable":true,"href":"https:\/\/silenthome.com\/es\/wp-json\/wp\/v2\/product_cat?post=2521"},{"taxonomy":"product_tag","embeddable":true,"href":"https:\/\/silenthome.com\/es\/wp-json\/wp\/v2\/product_tag?post=2521"}],"curies":[{"name":"wp","href":"https:\/\/api.w.org\/{rel}","templated":true}]}}