{"id":2510,"date":"2024-05-08T11:36:20","date_gmt":"2024-05-08T10:36:20","guid":{"rendered":"https:\/\/silenthome.com\/produto\/conjunto-de-mesa-e-cadeiras-preto\/"},"modified":"2026-04-01T23:09:56","modified_gmt":"2026-04-01T22:09:56","slug":"conjunto-de-mesa-e-cadeiras-preto","status":"publish","type":"product","link":"https:\/\/silenthome.com\/es\/producto\/conjunto-de-mesa-e-cadeiras-preto\/","title":{"rendered":"Conjunto de mesa y silla negra"},"content":{"rendered":"","protected":false},"excerpt":{"rendered":"<p>Este conjunto de mesa y sillas negras se compone de <strong>dos sillas y una mesa de centro<\/strong>. Es el complemento perfecto para salones o espacios exteriores cubiertos, donde podr\u00e1 crear un ambiente m\u00e1s acogedor. Con un <strong>vers\u00e1til y contempor\u00e1neo<\/strong>Este juego a\u00f1ade <strong>elegancia y funcionalidad<\/strong> al espacio, proporcionando una experiencia agradable y acogedora\".<\/p>","protected":false},"featured_media":1777,"comment_status":"open","ping_status":"closed","template":"","meta":{"_acf_changed":false},"product_brand":[],"product_cat":[80,62,61],"product_tag":[],"class_list":{"0":"post-2510","1":"product","2":"type-product","3":"status-publish","4":"has-post-thumbnail","6":"product_cat-cadeiras","7":"product_cat-mesas-de-centro-e-apoio","8":"product_cat-mobiliario","10":"first","11":"outofstock","12":"taxable","13":"shipping-taxable","14":"purchasable","15":"product-type-simple"},"acf":[],"aioseo_notices":[],"_links":{"self":[{"href":"https:\/\/silenthome.com\/es\/wp-json\/wp\/v2\/product\/2510","targetHints":{"allow":["GET"]}}],"collection":[{"href":"https:\/\/silenthome.com\/es\/wp-json\/wp\/v2\/product"}],"about":[{"href":"https:\/\/silenthome.com\/es\/wp-json\/wp\/v2\/types\/product"}],"replies":[{"embeddable":true,"href":"https:\/\/silenthome.com\/es\/wp-json\/wp\/v2\/comments?post=2510"}],"wp:featuredmedia":[{"embeddable":true,"href":"https:\/\/silenthome.com\/es\/wp-json\/wp\/v2\/media\/1777"}],"wp:attachment":[{"href":"https:\/\/silenthome.com\/es\/wp-json\/wp\/v2\/media?parent=2510"}],"wp:term":[{"taxonomy":"product_brand","embeddable":true,"href":"https:\/\/silenthome.com\/es\/wp-json\/wp\/v2\/product_brand?post=2510"},{"taxonomy":"product_cat","embeddable":true,"href":"https:\/\/silenthome.com\/es\/wp-json\/wp\/v2\/product_cat?post=2510"},{"taxonomy":"product_tag","embeddable":true,"href":"https:\/\/silenthome.com\/es\/wp-json\/wp\/v2\/product_tag?post=2510"}],"curies":[{"name":"wp","href":"https:\/\/api.w.org\/{rel}","templated":true}]}}