{"id":2503,"date":"2024-05-08T11:36:06","date_gmt":"2024-05-08T10:36:06","guid":{"rendered":"https:\/\/silenthome.com\/produto\/cadeira-influencer-com-botoes-azul\/"},"modified":"2026-04-01T23:09:11","modified_gmt":"2026-04-01T22:09:11","slug":"cadeira-influencer-com-botoes-azul","status":"publish","type":"product","link":"https:\/\/silenthome.com\/es\/producto\/cadeira-influencer-com-botoes-azul\/","title":{"rendered":"Silla Influencer con botones azules"},"content":{"rendered":"","protected":false},"excerpt":{"rendered":"<p>La Silla Influencer con botones y reposabrazos est\u00e1 tapizada en terciopelo azul y tiene un respaldo alto para ofrecer una sensaci\u00f3n de comodidad. <strong>soporte<\/strong> adicional. Es una excelente opci\u00f3n para complementar la mesa del comedor o decorar el sal\u00f3n o el despacho. Adem\u00e1s de proporcionar <strong>confort<\/strong>Su audaz presencia eleva la est\u00e9tica del espacio, convirti\u00e9ndolo en una pieza central. <strong>creativo<\/strong> y al mismo tiempo <strong>elegante<\/strong>.<\/p>","protected":false},"featured_media":1743,"comment_status":"open","ping_status":"closed","template":"","meta":{"_acf_changed":false},"product_brand":[],"product_cat":[80,61],"product_tag":[],"class_list":{"0":"post-2503","1":"product","2":"type-product","3":"status-publish","4":"has-post-thumbnail","6":"product_cat-cadeiras","7":"product_cat-mobiliario","9":"first","10":"instock","11":"taxable","12":"shipping-taxable","13":"purchasable","14":"product-type-simple"},"acf":[],"aioseo_notices":[],"_links":{"self":[{"href":"https:\/\/silenthome.com\/es\/wp-json\/wp\/v2\/product\/2503","targetHints":{"allow":["GET"]}}],"collection":[{"href":"https:\/\/silenthome.com\/es\/wp-json\/wp\/v2\/product"}],"about":[{"href":"https:\/\/silenthome.com\/es\/wp-json\/wp\/v2\/types\/product"}],"replies":[{"embeddable":true,"href":"https:\/\/silenthome.com\/es\/wp-json\/wp\/v2\/comments?post=2503"}],"wp:featuredmedia":[{"embeddable":true,"href":"https:\/\/silenthome.com\/es\/wp-json\/wp\/v2\/media\/1743"}],"wp:attachment":[{"href":"https:\/\/silenthome.com\/es\/wp-json\/wp\/v2\/media?parent=2503"}],"wp:term":[{"taxonomy":"product_brand","embeddable":true,"href":"https:\/\/silenthome.com\/es\/wp-json\/wp\/v2\/product_brand?post=2503"},{"taxonomy":"product_cat","embeddable":true,"href":"https:\/\/silenthome.com\/es\/wp-json\/wp\/v2\/product_cat?post=2503"},{"taxonomy":"product_tag","embeddable":true,"href":"https:\/\/silenthome.com\/es\/wp-json\/wp\/v2\/product_tag?post=2503"}],"curies":[{"name":"wp","href":"https:\/\/api.w.org\/{rel}","templated":true}]}}