{"id":2500,"date":"2024-05-08T11:35:59","date_gmt":"2024-05-08T10:35:59","guid":{"rendered":"https:\/\/silenthome.com\/produto\/cadeira-influencer-around-rosa\/"},"modified":"2026-04-01T23:08:47","modified_gmt":"2026-04-01T22:08:47","slug":"cadeira-influencer-around-rosa","status":"publish","type":"product","link":"https:\/\/silenthome.com\/es\/producto\/cadeira-influencer-around-rosa\/","title":{"rendered":"Influencer en torno a la Silla Rosa"},"content":{"rendered":"","protected":false},"excerpt":{"rendered":"<p>La silla Influencer Around, tapizada en terciopelo rosa, tiene l\u00edneas curvas en su forma y varias esferas interconectadas que crean el respaldo de la silla. Es una excelente opci\u00f3n para la mesa del comedor o el despacho. Su <strong>dise\u00f1o moderno<\/strong> transmite creatividad y <strong>confort<\/strong>.<\/p>","protected":false},"featured_media":1728,"comment_status":"open","ping_status":"closed","template":"","meta":{"_acf_changed":false},"product_brand":[],"product_cat":[80,61],"product_tag":[],"class_list":{"0":"post-2500","1":"product","2":"type-product","3":"status-publish","4":"has-post-thumbnail","6":"product_cat-cadeiras","7":"product_cat-mobiliario","9":"first","10":"instock","11":"taxable","12":"shipping-taxable","13":"purchasable","14":"product-type-simple"},"acf":[],"aioseo_notices":[],"_links":{"self":[{"href":"https:\/\/silenthome.com\/es\/wp-json\/wp\/v2\/product\/2500","targetHints":{"allow":["GET"]}}],"collection":[{"href":"https:\/\/silenthome.com\/es\/wp-json\/wp\/v2\/product"}],"about":[{"href":"https:\/\/silenthome.com\/es\/wp-json\/wp\/v2\/types\/product"}],"replies":[{"embeddable":true,"href":"https:\/\/silenthome.com\/es\/wp-json\/wp\/v2\/comments?post=2500"}],"wp:featuredmedia":[{"embeddable":true,"href":"https:\/\/silenthome.com\/es\/wp-json\/wp\/v2\/media\/1728"}],"wp:attachment":[{"href":"https:\/\/silenthome.com\/es\/wp-json\/wp\/v2\/media?parent=2500"}],"wp:term":[{"taxonomy":"product_brand","embeddable":true,"href":"https:\/\/silenthome.com\/es\/wp-json\/wp\/v2\/product_brand?post=2500"},{"taxonomy":"product_cat","embeddable":true,"href":"https:\/\/silenthome.com\/es\/wp-json\/wp\/v2\/product_cat?post=2500"},{"taxonomy":"product_tag","embeddable":true,"href":"https:\/\/silenthome.com\/es\/wp-json\/wp\/v2\/product_tag?post=2500"}],"curies":[{"name":"wp","href":"https:\/\/api.w.org\/{rel}","templated":true}]}}