{"id":2483,"date":"2024-05-08T11:35:23","date_gmt":"2024-05-08T10:35:23","guid":{"rendered":"https:\/\/silenthome.com\/produto\/tabuleiro-decorativo-em-madeira-osaka\/"},"modified":"2025-05-28T14:18:07","modified_gmt":"2025-05-28T13:18:07","slug":"tabuleiro-decorativo-em-madeira-osaka","status":"publish","type":"product","link":"https:\/\/silenthome.com\/es\/producto\/tabuleiro-decorativo-em-madeira-osaka\/","title":{"rendered":"Tablero de ajedrez decorativo de madera Osaka"},"content":{"rendered":"","protected":false},"excerpt":{"rendered":"<p>La bandeja decorativa Osaka, en <strong>madera carbonizada<\/strong>de color negro, puede ser <strong>utilizado para organizar objetos decorativos o simplemente como elemento decorativo en s\u00ed mismo.<\/strong> Es una pieza vers\u00e1til y elegante que a\u00f1ade un toque r\u00fastico pero elegante a cualquier habitaci\u00f3n.<\/p>","protected":false},"featured_media":1568,"comment_status":"open","ping_status":"closed","template":"","meta":{"_acf_changed":false},"product_brand":[],"product_cat":[73,85],"product_tag":[],"class_list":{"0":"post-2483","1":"product","2":"type-product","3":"status-publish","4":"has-post-thumbnail","6":"product_cat-decoracao","7":"product_cat-tabuleiros","9":"first","10":"instock","11":"taxable","12":"shipping-taxable","13":"purchasable","14":"product-type-simple"},"acf":[],"aioseo_notices":[],"_links":{"self":[{"href":"https:\/\/silenthome.com\/es\/wp-json\/wp\/v2\/product\/2483","targetHints":{"allow":["GET"]}}],"collection":[{"href":"https:\/\/silenthome.com\/es\/wp-json\/wp\/v2\/product"}],"about":[{"href":"https:\/\/silenthome.com\/es\/wp-json\/wp\/v2\/types\/product"}],"replies":[{"embeddable":true,"href":"https:\/\/silenthome.com\/es\/wp-json\/wp\/v2\/comments?post=2483"}],"wp:featuredmedia":[{"embeddable":true,"href":"https:\/\/silenthome.com\/es\/wp-json\/wp\/v2\/media\/1568"}],"wp:attachment":[{"href":"https:\/\/silenthome.com\/es\/wp-json\/wp\/v2\/media?parent=2483"}],"wp:term":[{"taxonomy":"product_brand","embeddable":true,"href":"https:\/\/silenthome.com\/es\/wp-json\/wp\/v2\/product_brand?post=2483"},{"taxonomy":"product_cat","embeddable":true,"href":"https:\/\/silenthome.com\/es\/wp-json\/wp\/v2\/product_cat?post=2483"},{"taxonomy":"product_tag","embeddable":true,"href":"https:\/\/silenthome.com\/es\/wp-json\/wp\/v2\/product_tag?post=2483"}],"curies":[{"name":"wp","href":"https:\/\/api.w.org\/{rel}","templated":true}]}}