{"id":2481,"date":"2024-05-08T11:35:18","date_gmt":"2024-05-08T10:35:18","guid":{"rendered":"https:\/\/silenthome.com\/produto\/tabuleiro-oval-em-aco-inoxidavel\/"},"modified":"2025-12-19T18:08:39","modified_gmt":"2025-12-19T18:08:39","slug":"tabuleiro-oval-em-aco-inoxidavel","status":"publish","type":"product","link":"https:\/\/silenthome.com\/es\/producto\/tabuleiro-oval-em-aco-inoxidavel\/","title":{"rendered":"Bandeja ovalada de acero inoxidable"},"content":{"rendered":"","protected":false},"excerpt":{"rendered":"<p>A\u00f1ada un toque de elegancia y funcionalidad a su decoraci\u00f3n con la bandeja ovalada de acero inoxidable. <strong>Esta bandeja ofrece un dise\u00f1o sofisticado y elegante para servir o exponer objetos decorativos.<\/strong> Fabricada en acero inoxidable, esta bandeja es resistente y f\u00e1cil de limpiar, por lo que resulta perfecta para una gran variedad de ocasiones y entornos.<\/p>","protected":false},"featured_media":1560,"comment_status":"open","ping_status":"closed","template":"","meta":{"_acf_changed":false},"product_brand":[],"product_cat":[73,85],"product_tag":[],"class_list":{"0":"post-2481","1":"product","2":"type-product","3":"status-publish","4":"has-post-thumbnail","6":"product_cat-decoracao","7":"product_cat-tabuleiros","9":"first","10":"instock","11":"taxable","12":"shipping-taxable","13":"purchasable","14":"product-type-simple"},"acf":[],"aioseo_notices":[],"_links":{"self":[{"href":"https:\/\/silenthome.com\/es\/wp-json\/wp\/v2\/product\/2481","targetHints":{"allow":["GET"]}}],"collection":[{"href":"https:\/\/silenthome.com\/es\/wp-json\/wp\/v2\/product"}],"about":[{"href":"https:\/\/silenthome.com\/es\/wp-json\/wp\/v2\/types\/product"}],"replies":[{"embeddable":true,"href":"https:\/\/silenthome.com\/es\/wp-json\/wp\/v2\/comments?post=2481"}],"wp:featuredmedia":[{"embeddable":true,"href":"https:\/\/silenthome.com\/es\/wp-json\/wp\/v2\/media\/1560"}],"wp:attachment":[{"href":"https:\/\/silenthome.com\/es\/wp-json\/wp\/v2\/media?parent=2481"}],"wp:term":[{"taxonomy":"product_brand","embeddable":true,"href":"https:\/\/silenthome.com\/es\/wp-json\/wp\/v2\/product_brand?post=2481"},{"taxonomy":"product_cat","embeddable":true,"href":"https:\/\/silenthome.com\/es\/wp-json\/wp\/v2\/product_cat?post=2481"},{"taxonomy":"product_tag","embeddable":true,"href":"https:\/\/silenthome.com\/es\/wp-json\/wp\/v2\/product_tag?post=2481"}],"curies":[{"name":"wp","href":"https:\/\/api.w.org\/{rel}","templated":true}]}}