{"id":2479,"date":"2024-05-08T11:35:14","date_gmt":"2024-05-08T10:35:14","guid":{"rendered":"https:\/\/silenthome.com\/produto\/estatua-lady-moon-osaka\/"},"modified":"2025-07-26T16:38:35","modified_gmt":"2025-07-26T15:38:35","slug":"estatua-lady-moon-osaka","status":"publish","type":"product","link":"https:\/\/silenthome.com\/es\/producto\/estatua-lady-moon-osaka\/","title":{"rendered":"Estatua de la Dama Luna de Osaka"},"content":{"rendered":"","protected":false},"excerpt":{"rendered":"<p>La estatua Lady Moon Osaka aporta un toque de misterio y encanto a su espacio. Esta pieza es una cautivadora representaci\u00f3n de la belleza femenina. <strong>Su dise\u00f1o elegante y refinado a\u00f1ade sofisticaci\u00f3n a la decoraci\u00f3n de la habitaci\u00f3n<\/strong>evocando al mismo tiempo una atm\u00f3sfera m\u00e1gica y serena. Perfecto para quienes buscan una decoraci\u00f3n \u00fanica y expresiva.<\/p>","protected":false},"featured_media":1505,"comment_status":"open","ping_status":"closed","template":"","meta":{"_acf_changed":false},"product_brand":[],"product_cat":[73,74],"product_tag":[],"class_list":{"0":"post-2479","1":"product","2":"type-product","3":"status-publish","4":"has-post-thumbnail","6":"product_cat-decoracao","7":"product_cat-objectos-decorativos","9":"first","10":"instock","11":"taxable","12":"shipping-taxable","13":"purchasable","14":"product-type-simple"},"acf":[],"aioseo_notices":[],"_links":{"self":[{"href":"https:\/\/silenthome.com\/es\/wp-json\/wp\/v2\/product\/2479","targetHints":{"allow":["GET"]}}],"collection":[{"href":"https:\/\/silenthome.com\/es\/wp-json\/wp\/v2\/product"}],"about":[{"href":"https:\/\/silenthome.com\/es\/wp-json\/wp\/v2\/types\/product"}],"replies":[{"embeddable":true,"href":"https:\/\/silenthome.com\/es\/wp-json\/wp\/v2\/comments?post=2479"}],"wp:featuredmedia":[{"embeddable":true,"href":"https:\/\/silenthome.com\/es\/wp-json\/wp\/v2\/media\/1505"}],"wp:attachment":[{"href":"https:\/\/silenthome.com\/es\/wp-json\/wp\/v2\/media?parent=2479"}],"wp:term":[{"taxonomy":"product_brand","embeddable":true,"href":"https:\/\/silenthome.com\/es\/wp-json\/wp\/v2\/product_brand?post=2479"},{"taxonomy":"product_cat","embeddable":true,"href":"https:\/\/silenthome.com\/es\/wp-json\/wp\/v2\/product_cat?post=2479"},{"taxonomy":"product_tag","embeddable":true,"href":"https:\/\/silenthome.com\/es\/wp-json\/wp\/v2\/product_tag?post=2479"}],"curies":[{"name":"wp","href":"https:\/\/api.w.org\/{rel}","templated":true}]}}