{"id":2473,"date":"2024-05-08T11:35:02","date_gmt":"2024-05-08T10:35:02","guid":{"rendered":"https:\/\/silenthome.com\/produto\/jarra-decorativa-em-madeiraosaka-a22\/"},"modified":"2025-05-28T14:14:09","modified_gmt":"2025-05-28T13:14:09","slug":"jarra-decorativa-em-madeiraosaka-a22","status":"publish","type":"product","link":"https:\/\/silenthome.com\/es\/producto\/jarra-decorativa-em-madeiraosaka-a22\/","title":{"rendered":"Jarr\u00f3n decorativo de madera Osaka A22"},"content":{"rendered":"","protected":false},"excerpt":{"rendered":"<p>El jarr\u00f3n decorativo Osaka, de 22 cm de altura, est\u00e1 hecho de<strong> madera carbonizada<\/strong>, presentando una mirada <strong>ideal para decorar salones, recibidores u oficinas con un estilo contempor\u00e1neo y acogedor.<\/strong><\/p>","protected":false},"featured_media":1535,"comment_status":"open","ping_status":"closed","template":"","meta":{"_acf_changed":false},"product_brand":[],"product_cat":[73,83],"product_tag":[],"class_list":{"0":"post-2473","1":"product","2":"type-product","3":"status-publish","4":"has-post-thumbnail","6":"product_cat-decoracao","7":"product_cat-jarras","9":"first","10":"instock","11":"taxable","12":"shipping-taxable","13":"purchasable","14":"product-type-simple"},"acf":[],"aioseo_notices":[],"_links":{"self":[{"href":"https:\/\/silenthome.com\/es\/wp-json\/wp\/v2\/product\/2473","targetHints":{"allow":["GET"]}}],"collection":[{"href":"https:\/\/silenthome.com\/es\/wp-json\/wp\/v2\/product"}],"about":[{"href":"https:\/\/silenthome.com\/es\/wp-json\/wp\/v2\/types\/product"}],"replies":[{"embeddable":true,"href":"https:\/\/silenthome.com\/es\/wp-json\/wp\/v2\/comments?post=2473"}],"wp:featuredmedia":[{"embeddable":true,"href":"https:\/\/silenthome.com\/es\/wp-json\/wp\/v2\/media\/1535"}],"wp:attachment":[{"href":"https:\/\/silenthome.com\/es\/wp-json\/wp\/v2\/media?parent=2473"}],"wp:term":[{"taxonomy":"product_brand","embeddable":true,"href":"https:\/\/silenthome.com\/es\/wp-json\/wp\/v2\/product_brand?post=2473"},{"taxonomy":"product_cat","embeddable":true,"href":"https:\/\/silenthome.com\/es\/wp-json\/wp\/v2\/product_cat?post=2473"},{"taxonomy":"product_tag","embeddable":true,"href":"https:\/\/silenthome.com\/es\/wp-json\/wp\/v2\/product_tag?post=2473"}],"curies":[{"name":"wp","href":"https:\/\/api.w.org\/{rel}","templated":true}]}}