{"id":2470,"date":"2024-05-08T11:34:55","date_gmt":"2024-05-08T10:34:55","guid":{"rendered":"https:\/\/silenthome.com\/produto\/jarra-flor-dramatica-em-branco\/"},"modified":"2026-04-24T12:42:19","modified_gmt":"2026-04-24T11:42:19","slug":"jarra-flor-dramatica-em-branco","status":"publish","type":"product","link":"https:\/\/silenthome.com\/es\/producto\/jarra-flor-dramatica-em-branco\/","title":{"rendered":"Florero Dram\u00e1tico en Blanco"},"content":{"rendered":"","protected":false},"excerpt":{"rendered":"<p>El jarr\u00f3n de flores Dramatic es perfecto para el centro de la mesa de su comedor, con su color blanco y su <strong>dise\u00f1o espectacular<\/strong>esta jarra <strong>a\u00f1ade un toque de misterio y elegancia a tu decoraci\u00f3n<\/strong>.<\/p>","protected":false},"featured_media":6383,"comment_status":"open","ping_status":"closed","template":"","meta":{"_acf_changed":false},"product_brand":[],"product_cat":[73,83],"product_tag":[],"class_list":{"0":"post-2470","1":"product","2":"type-product","3":"status-publish","4":"has-post-thumbnail","6":"product_cat-decoracao","7":"product_cat-jarras","9":"first","10":"instock","11":"taxable","12":"shipping-taxable","13":"purchasable","14":"product-type-simple"},"acf":[],"aioseo_notices":[],"_links":{"self":[{"href":"https:\/\/silenthome.com\/es\/wp-json\/wp\/v2\/product\/2470","targetHints":{"allow":["GET"]}}],"collection":[{"href":"https:\/\/silenthome.com\/es\/wp-json\/wp\/v2\/product"}],"about":[{"href":"https:\/\/silenthome.com\/es\/wp-json\/wp\/v2\/types\/product"}],"replies":[{"embeddable":true,"href":"https:\/\/silenthome.com\/es\/wp-json\/wp\/v2\/comments?post=2470"}],"wp:featuredmedia":[{"embeddable":true,"href":"https:\/\/silenthome.com\/es\/wp-json\/wp\/v2\/media\/6383"}],"wp:attachment":[{"href":"https:\/\/silenthome.com\/es\/wp-json\/wp\/v2\/media?parent=2470"}],"wp:term":[{"taxonomy":"product_brand","embeddable":true,"href":"https:\/\/silenthome.com\/es\/wp-json\/wp\/v2\/product_brand?post=2470"},{"taxonomy":"product_cat","embeddable":true,"href":"https:\/\/silenthome.com\/es\/wp-json\/wp\/v2\/product_cat?post=2470"},{"taxonomy":"product_tag","embeddable":true,"href":"https:\/\/silenthome.com\/es\/wp-json\/wp\/v2\/product_tag?post=2470"}],"curies":[{"name":"wp","href":"https:\/\/api.w.org\/{rel}","templated":true}]}}