{"id":2468,"date":"2024-05-08T11:34:51","date_gmt":"2024-05-08T10:34:51","guid":{"rendered":"https:\/\/silenthome.com\/produto\/jarra-decorativa-chelsea-grand\/"},"modified":"2025-05-28T14:13:14","modified_gmt":"2025-05-28T13:13:14","slug":"jarra-decorativa-chelsea-grand","status":"publish","type":"product","link":"https:\/\/silenthome.com\/es\/producto\/jarra-decorativa-chelsea-grand\/","title":{"rendered":"Florero Decorativo Chelsea Grand"},"content":{"rendered":"","protected":false},"excerpt":{"rendered":"<p>El Jarr\u00f3n Decorativo Chelsea tiene un elegante acabado plateado fabricado en acero inoxidable muy resistente. Con unas dimensiones de 140X110X350 mm, <strong>Este jarr\u00f3n es perfecto para alegrar su hogar con un ramo de flores. Su dise\u00f1o sofisticado y contempor\u00e1neo a\u00f1ade un toque de elegancia a cualquier espacio.<\/strong><\/p>","protected":false},"featured_media":1520,"comment_status":"open","ping_status":"closed","template":"","meta":{"_acf_changed":false},"product_brand":[],"product_cat":[73,83],"product_tag":[],"class_list":{"0":"post-2468","1":"product","2":"type-product","3":"status-publish","4":"has-post-thumbnail","6":"product_cat-decoracao","7":"product_cat-jarras","9":"first","10":"instock","11":"taxable","12":"shipping-taxable","13":"purchasable","14":"product-type-simple"},"acf":[],"aioseo_notices":[],"_links":{"self":[{"href":"https:\/\/silenthome.com\/es\/wp-json\/wp\/v2\/product\/2468","targetHints":{"allow":["GET"]}}],"collection":[{"href":"https:\/\/silenthome.com\/es\/wp-json\/wp\/v2\/product"}],"about":[{"href":"https:\/\/silenthome.com\/es\/wp-json\/wp\/v2\/types\/product"}],"replies":[{"embeddable":true,"href":"https:\/\/silenthome.com\/es\/wp-json\/wp\/v2\/comments?post=2468"}],"wp:featuredmedia":[{"embeddable":true,"href":"https:\/\/silenthome.com\/es\/wp-json\/wp\/v2\/media\/1520"}],"wp:attachment":[{"href":"https:\/\/silenthome.com\/es\/wp-json\/wp\/v2\/media?parent=2468"}],"wp:term":[{"taxonomy":"product_brand","embeddable":true,"href":"https:\/\/silenthome.com\/es\/wp-json\/wp\/v2\/product_brand?post=2468"},{"taxonomy":"product_cat","embeddable":true,"href":"https:\/\/silenthome.com\/es\/wp-json\/wp\/v2\/product_cat?post=2468"},{"taxonomy":"product_tag","embeddable":true,"href":"https:\/\/silenthome.com\/es\/wp-json\/wp\/v2\/product_tag?post=2468"}],"curies":[{"name":"wp","href":"https:\/\/api.w.org\/{rel}","templated":true}]}}