{"id":2467,"date":"2024-05-08T11:34:49","date_gmt":"2024-05-08T10:34:49","guid":{"rendered":"https:\/\/silenthome.com\/produto\/jarra-decorativa-chelsea-petite\/"},"modified":"2025-05-28T14:13:01","modified_gmt":"2025-05-28T13:13:01","slug":"jarra-decorativa-chelsea-petite","status":"publish","type":"product","link":"https:\/\/silenthome.com\/es\/producto\/jarra-decorativa-chelsea-petite\/","title":{"rendered":"Jarr\u00f3n Decorativo Chelsea Petite"},"content":{"rendered":"","protected":false},"excerpt":{"rendered":"<p>El Jarr\u00f3n Decorativo Chelsea tiene un elegante acabado plateado fabricado en acero inoxidable muy resistente. Con unas dimensiones de 140x110x280 mm, <strong>este jarr\u00f3n es perfecto para alegrar tu hogar con un ramo de flores.<\/strong> <strong>Su dise\u00f1o sofisticado y contempor\u00e1neo a\u00f1ade un toque de elegancia a cualquier espacio.<\/strong><\/p>","protected":false},"featured_media":1516,"comment_status":"open","ping_status":"closed","template":"","meta":{"_acf_changed":false},"product_brand":[],"product_cat":[73,83],"product_tag":[],"class_list":{"0":"post-2467","1":"product","2":"type-product","3":"status-publish","4":"has-post-thumbnail","6":"product_cat-decoracao","7":"product_cat-jarras","9":"first","10":"instock","11":"taxable","12":"shipping-taxable","13":"purchasable","14":"product-type-simple"},"acf":[],"aioseo_notices":[],"_links":{"self":[{"href":"https:\/\/silenthome.com\/es\/wp-json\/wp\/v2\/product\/2467","targetHints":{"allow":["GET"]}}],"collection":[{"href":"https:\/\/silenthome.com\/es\/wp-json\/wp\/v2\/product"}],"about":[{"href":"https:\/\/silenthome.com\/es\/wp-json\/wp\/v2\/types\/product"}],"replies":[{"embeddable":true,"href":"https:\/\/silenthome.com\/es\/wp-json\/wp\/v2\/comments?post=2467"}],"wp:featuredmedia":[{"embeddable":true,"href":"https:\/\/silenthome.com\/es\/wp-json\/wp\/v2\/media\/1516"}],"wp:attachment":[{"href":"https:\/\/silenthome.com\/es\/wp-json\/wp\/v2\/media?parent=2467"}],"wp:term":[{"taxonomy":"product_brand","embeddable":true,"href":"https:\/\/silenthome.com\/es\/wp-json\/wp\/v2\/product_brand?post=2467"},{"taxonomy":"product_cat","embeddable":true,"href":"https:\/\/silenthome.com\/es\/wp-json\/wp\/v2\/product_cat?post=2467"},{"taxonomy":"product_tag","embeddable":true,"href":"https:\/\/silenthome.com\/es\/wp-json\/wp\/v2\/product_tag?post=2467"}],"curies":[{"name":"wp","href":"https:\/\/api.w.org\/{rel}","templated":true}]}}