{"id":2466,"date":"2024-05-08T11:34:48","date_gmt":"2024-05-08T10:34:48","guid":{"rendered":"https:\/\/silenthome.com\/produto\/conjunto-decorativo-de-tabuleirojarra-e-esfera\/"},"modified":"2025-05-28T14:12:46","modified_gmt":"2025-05-28T13:12:46","slug":"conjunto-decorativo-de-tabuleirojarra-e-esfera","status":"publish","type":"product","link":"https:\/\/silenthome.com\/es\/producto\/conjunto-decorativo-de-tabuleirojarra-e-esfera\/","title":{"rendered":"Juego de bandejas decorativas,\nJarr\u00f3n y esfera"},"content":{"rendered":"","protected":false},"excerpt":{"rendered":"<p>El conjunto decorativo de bandeja, jarr\u00f3n y bola, fabricado en acero inoxidable de gran resistencia, es perfecto para decorar la mesa del comedor. <strong>A\u00f1ada sofisticaci\u00f3n a su decoraci\u00f3n con este vers\u00e1til y refinado conjunto.<\/strong><\/p>","protected":false},"featured_media":1512,"comment_status":"open","ping_status":"closed","template":"","meta":{"_acf_changed":false},"product_brand":[],"product_cat":[73,83],"product_tag":[],"class_list":{"0":"post-2466","1":"product","2":"type-product","3":"status-publish","4":"has-post-thumbnail","6":"product_cat-decoracao","7":"product_cat-jarras","9":"first","10":"instock","11":"taxable","12":"shipping-taxable","13":"purchasable","14":"product-type-simple"},"acf":[],"aioseo_notices":[],"_links":{"self":[{"href":"https:\/\/silenthome.com\/es\/wp-json\/wp\/v2\/product\/2466","targetHints":{"allow":["GET"]}}],"collection":[{"href":"https:\/\/silenthome.com\/es\/wp-json\/wp\/v2\/product"}],"about":[{"href":"https:\/\/silenthome.com\/es\/wp-json\/wp\/v2\/types\/product"}],"replies":[{"embeddable":true,"href":"https:\/\/silenthome.com\/es\/wp-json\/wp\/v2\/comments?post=2466"}],"wp:featuredmedia":[{"embeddable":true,"href":"https:\/\/silenthome.com\/es\/wp-json\/wp\/v2\/media\/1512"}],"wp:attachment":[{"href":"https:\/\/silenthome.com\/es\/wp-json\/wp\/v2\/media?parent=2466"}],"wp:term":[{"taxonomy":"product_brand","embeddable":true,"href":"https:\/\/silenthome.com\/es\/wp-json\/wp\/v2\/product_brand?post=2466"},{"taxonomy":"product_cat","embeddable":true,"href":"https:\/\/silenthome.com\/es\/wp-json\/wp\/v2\/product_cat?post=2466"},{"taxonomy":"product_tag","embeddable":true,"href":"https:\/\/silenthome.com\/es\/wp-json\/wp\/v2\/product_tag?post=2466"}],"curies":[{"name":"wp","href":"https:\/\/api.w.org\/{rel}","templated":true}]}}