{"id":2461,"date":"2024-05-08T11:34:37","date_gmt":"2024-05-08T10:34:37","guid":{"rendered":"https:\/\/silenthome.com\/produto\/escultura-base-marmore-e-vermelho-a39-cm\/"},"modified":"2026-04-02T08:05:08","modified_gmt":"2026-04-02T07:05:08","slug":"escultura-base-marmore-e-vermelho-a39-cm","status":"publish","type":"product","link":"https:\/\/silenthome.com\/es\/producto\/escultura-base-marmore-e-vermelho-a39-cm\/","title":{"rendered":"Escultura base m\u00e1rmol y rojo h39 cm"},"content":{"rendered":"","protected":false},"excerpt":{"rendered":"<p>Este panel decorativo presenta una base de m\u00e1rmol y una pieza central de metal rojo. Con un dise\u00f1o asim\u00e9trico y moderno, <strong>sirve como objeto decorativo vers\u00e1til, perfecto para salones, dormitorios o recibidores. Ideal para a\u00f1adir un toque de sofisticaci\u00f3n a su hogar.<\/strong><\/p>","protected":false},"featured_media":1598,"comment_status":"open","ping_status":"closed","template":"","meta":{"_acf_changed":false},"product_brand":[],"product_cat":[73,74,164],"product_tag":[],"class_list":{"0":"post-2461","1":"product","2":"type-product","3":"status-publish","4":"has-post-thumbnail","6":"product_cat-decoracao","7":"product_cat-objectos-decorativos","8":"product_cat-promocoes","10":"first","11":"instock","12":"taxable","13":"shipping-taxable","14":"purchasable","15":"product-type-simple"},"acf":[],"aioseo_notices":[],"_links":{"self":[{"href":"https:\/\/silenthome.com\/es\/wp-json\/wp\/v2\/product\/2461","targetHints":{"allow":["GET"]}}],"collection":[{"href":"https:\/\/silenthome.com\/es\/wp-json\/wp\/v2\/product"}],"about":[{"href":"https:\/\/silenthome.com\/es\/wp-json\/wp\/v2\/types\/product"}],"replies":[{"embeddable":true,"href":"https:\/\/silenthome.com\/es\/wp-json\/wp\/v2\/comments?post=2461"}],"wp:featuredmedia":[{"embeddable":true,"href":"https:\/\/silenthome.com\/es\/wp-json\/wp\/v2\/media\/1598"}],"wp:attachment":[{"href":"https:\/\/silenthome.com\/es\/wp-json\/wp\/v2\/media?parent=2461"}],"wp:term":[{"taxonomy":"product_brand","embeddable":true,"href":"https:\/\/silenthome.com\/es\/wp-json\/wp\/v2\/product_brand?post=2461"},{"taxonomy":"product_cat","embeddable":true,"href":"https:\/\/silenthome.com\/es\/wp-json\/wp\/v2\/product_cat?post=2461"},{"taxonomy":"product_tag","embeddable":true,"href":"https:\/\/silenthome.com\/es\/wp-json\/wp\/v2\/product_tag?post=2461"}],"curies":[{"name":"wp","href":"https:\/\/api.w.org\/{rel}","templated":true}]}}