{"id":2456,"date":"2024-05-08T11:34:27","date_gmt":"2024-05-08T10:34:27","guid":{"rendered":"https:\/\/silenthome.com\/produto\/mesa-de-apoio-cone-em-metal-dourada\/"},"modified":"2026-04-16T15:52:27","modified_gmt":"2026-04-16T14:52:27","slug":"mesa-de-apoio-cone-em-metal-dourada","status":"publish","type":"product","link":"https:\/\/silenthome.com\/es\/producto\/mesa-de-apoio-cone-em-metal-dourada\/","title":{"rendered":"Mesa auxiliar c\u00f3nica de metal dorado"},"content":{"rendered":"","protected":false},"excerpt":{"rendered":"<p>La mesa auxiliar Cone est\u00e1 fabricada en metal chapado en oro y presenta una estructura c\u00f3nica en la base y un tablero circular. Perfecta como mesa auxiliar en el sal\u00f3n, la oficina o la zona de estar, ofrece una superficie c\u00f3moda. <strong>pr\u00e1ctica<\/strong> para apoyar objetos decorativos o utensilios de uso cotidiano. Su <strong>dise\u00f1o elegante<\/strong> proporciona una <strong>estilo refinado<\/strong> al medio ambiente.<\/p>","protected":false},"featured_media":6357,"comment_status":"open","ping_status":"closed","template":"","meta":{"_acf_changed":false},"product_brand":[],"product_cat":[62,61,164],"product_tag":[],"class_list":{"0":"post-2456","1":"product","2":"type-product","3":"status-publish","4":"has-post-thumbnail","6":"product_cat-mesas-de-centro-e-apoio","7":"product_cat-mobiliario","8":"product_cat-promocoes","10":"first","11":"instock","12":"taxable","13":"shipping-taxable","14":"purchasable","15":"product-type-simple"},"acf":[],"aioseo_notices":[],"_links":{"self":[{"href":"https:\/\/silenthome.com\/es\/wp-json\/wp\/v2\/product\/2456","targetHints":{"allow":["GET"]}}],"collection":[{"href":"https:\/\/silenthome.com\/es\/wp-json\/wp\/v2\/product"}],"about":[{"href":"https:\/\/silenthome.com\/es\/wp-json\/wp\/v2\/types\/product"}],"replies":[{"embeddable":true,"href":"https:\/\/silenthome.com\/es\/wp-json\/wp\/v2\/comments?post=2456"}],"wp:featuredmedia":[{"embeddable":true,"href":"https:\/\/silenthome.com\/es\/wp-json\/wp\/v2\/media\/6357"}],"wp:attachment":[{"href":"https:\/\/silenthome.com\/es\/wp-json\/wp\/v2\/media?parent=2456"}],"wp:term":[{"taxonomy":"product_brand","embeddable":true,"href":"https:\/\/silenthome.com\/es\/wp-json\/wp\/v2\/product_brand?post=2456"},{"taxonomy":"product_cat","embeddable":true,"href":"https:\/\/silenthome.com\/es\/wp-json\/wp\/v2\/product_cat?post=2456"},{"taxonomy":"product_tag","embeddable":true,"href":"https:\/\/silenthome.com\/es\/wp-json\/wp\/v2\/product_tag?post=2456"}],"curies":[{"name":"wp","href":"https:\/\/api.w.org\/{rel}","templated":true}]}}