{"id":2451,"date":"2024-05-08T11:34:15","date_gmt":"2024-05-08T10:34:15","guid":{"rendered":"https:\/\/silenthome.com\/produto\/mesa-de-centro-redonda-petite-blanc\/"},"modified":"2026-04-16T18:22:36","modified_gmt":"2026-04-16T17:22:36","slug":"mesa-de-centro-redonda-petite-blanc","status":"publish","type":"product","link":"https:\/\/silenthome.com\/es\/producto\/mesa-de-centro-redonda-petite-blanc\/","title":{"rendered":"Mesa auxiliar redonda Petite Blanc"},"content":{"rendered":"","protected":false},"excerpt":{"rendered":"<p>La mesa de centro redonda Petite Blanc en blanco es perfecta para salones o zonas de estar m\u00e1s peque\u00f1as. Tiene un dise\u00f1o circular <strong>compacto y elegante<\/strong>ideal para espacios m\u00e1s \u00edntimos, proporcionando un punto focal <strong>funcional y con estilo<\/strong>.<\/p>","protected":false},"featured_media":6364,"comment_status":"open","ping_status":"closed","template":"","meta":{"_acf_changed":false},"product_brand":[],"product_cat":[62,61],"product_tag":[],"class_list":{"0":"post-2451","1":"product","2":"type-product","3":"status-publish","4":"has-post-thumbnail","6":"product_cat-mesas-de-centro-e-apoio","7":"product_cat-mobiliario","9":"first","10":"instock","11":"taxable","12":"shipping-taxable","13":"purchasable","14":"product-type-simple"},"acf":[],"aioseo_notices":[],"_links":{"self":[{"href":"https:\/\/silenthome.com\/es\/wp-json\/wp\/v2\/product\/2451","targetHints":{"allow":["GET"]}}],"collection":[{"href":"https:\/\/silenthome.com\/es\/wp-json\/wp\/v2\/product"}],"about":[{"href":"https:\/\/silenthome.com\/es\/wp-json\/wp\/v2\/types\/product"}],"replies":[{"embeddable":true,"href":"https:\/\/silenthome.com\/es\/wp-json\/wp\/v2\/comments?post=2451"}],"wp:featuredmedia":[{"embeddable":true,"href":"https:\/\/silenthome.com\/es\/wp-json\/wp\/v2\/media\/6364"}],"wp:attachment":[{"href":"https:\/\/silenthome.com\/es\/wp-json\/wp\/v2\/media?parent=2451"}],"wp:term":[{"taxonomy":"product_brand","embeddable":true,"href":"https:\/\/silenthome.com\/es\/wp-json\/wp\/v2\/product_brand?post=2451"},{"taxonomy":"product_cat","embeddable":true,"href":"https:\/\/silenthome.com\/es\/wp-json\/wp\/v2\/product_cat?post=2451"},{"taxonomy":"product_tag","embeddable":true,"href":"https:\/\/silenthome.com\/es\/wp-json\/wp\/v2\/product_tag?post=2451"}],"curies":[{"name":"wp","href":"https:\/\/api.w.org\/{rel}","templated":true}]}}