{"id":2448,"date":"2024-05-08T11:34:10","date_gmt":"2024-05-08T10:34:10","guid":{"rendered":"https:\/\/silenthome.com\/produto\/quadro-mar-degrade-vermelho-80x120cm\/"},"modified":"2026-04-14T16:48:19","modified_gmt":"2026-04-14T15:48:19","slug":"quadro-mar-degrade-vermelho-80x120cm","status":"publish","type":"product","link":"https:\/\/silenthome.com\/es\/producto\/quadro-mar-degrade-vermelho-80x120cm\/","title":{"rendered":"Mar Degrad\u00e9 Marco Rojo 80x120cm"},"content":{"rendered":"","protected":false},"excerpt":{"rendered":"<p>El marco Red Gradient Sea Frame le invita a una aventura visual a trav\u00e9s de los vibrantes matices de la puesta de sol sobre el mar. Con unas dimensiones de 80\u00d7120 cm, esta obra de arte ofrece una visi\u00f3n \u00fanica del poder y la intensidad del color rojo, creando un efecto \u00fanico a trav\u00e9s de su textura y degradado, que evoca una sensaci\u00f3n de profundidad y movimiento. Cuelgue este cuadro en su pared y d\u00e9jese envolver por la atm\u00f3sfera serena y cautivadora que proporciona, aportando una energ\u00eda vibrante y c\u00e1lida a su espacio.<\/p>","protected":false},"featured_media":1401,"comment_status":"open","ping_status":"closed","template":"","meta":{"_acf_changed":false},"product_brand":[],"product_cat":[71],"product_tag":[],"class_list":{"0":"post-2448","1":"product","2":"type-product","3":"status-publish","4":"has-post-thumbnail","6":"product_cat-arte","8":"first","9":"instock","10":"taxable","11":"shipping-taxable","12":"purchasable","13":"product-type-simple"},"acf":[],"aioseo_notices":[],"_links":{"self":[{"href":"https:\/\/silenthome.com\/es\/wp-json\/wp\/v2\/product\/2448","targetHints":{"allow":["GET"]}}],"collection":[{"href":"https:\/\/silenthome.com\/es\/wp-json\/wp\/v2\/product"}],"about":[{"href":"https:\/\/silenthome.com\/es\/wp-json\/wp\/v2\/types\/product"}],"replies":[{"embeddable":true,"href":"https:\/\/silenthome.com\/es\/wp-json\/wp\/v2\/comments?post=2448"}],"wp:featuredmedia":[{"embeddable":true,"href":"https:\/\/silenthome.com\/es\/wp-json\/wp\/v2\/media\/1401"}],"wp:attachment":[{"href":"https:\/\/silenthome.com\/es\/wp-json\/wp\/v2\/media?parent=2448"}],"wp:term":[{"taxonomy":"product_brand","embeddable":true,"href":"https:\/\/silenthome.com\/es\/wp-json\/wp\/v2\/product_brand?post=2448"},{"taxonomy":"product_cat","embeddable":true,"href":"https:\/\/silenthome.com\/es\/wp-json\/wp\/v2\/product_cat?post=2448"},{"taxonomy":"product_tag","embeddable":true,"href":"https:\/\/silenthome.com\/es\/wp-json\/wp\/v2\/product_tag?post=2448"}],"curies":[{"name":"wp","href":"https:\/\/api.w.org\/{rel}","templated":true}]}}