{"id":2445,"date":"2024-05-08T11:34:05","date_gmt":"2024-05-08T10:34:05","guid":{"rendered":"https:\/\/silenthome.com\/produto\/quadro-papiros-em-aguarela-preto-e-branco-32x120cm\/"},"modified":"2026-04-01T11:26:08","modified_gmt":"2026-04-01T10:26:08","slug":"quadro-papiros-em-aguarela-preto-e-branco-32x120cm","status":"publish","type":"product","link":"https:\/\/silenthome.com\/es\/producto\/quadro-papiros-em-aguarela-preto-e-branco-32x120cm\/","title":{"rendered":"Marco Papiro Acuarela Blanco y Negro 32x120cm"},"content":{"rendered":"","protected":false},"excerpt":{"rendered":"<p>La acuarela Papyrus en blanco y negro aporta un aura de <strong>elegancia monocroma<\/strong> para su pared. Con unas dimensiones de 32\u00d7120 cm, esta obra de arte en acuarela presenta una representaci\u00f3n \u00fanica de los papiros en tonos de blanco y negro, a\u00f1adiendo un singular <strong>toque de sofisticaci\u00f3n<\/strong> e <strong>misterio<\/strong> a su espacio. Ya sea en el sal\u00f3n, el despacho o el dormitorio, este cuadro ser\u00e1 sin duda el elemento perfecto para complementar su decoraci\u00f3n.<\/p>","protected":false},"featured_media":9022,"comment_status":"open","ping_status":"closed","template":"","meta":{"_acf_changed":false},"product_brand":[],"product_cat":[71],"product_tag":[],"class_list":{"0":"post-2445","1":"product","2":"type-product","3":"status-publish","4":"has-post-thumbnail","6":"product_cat-arte","8":"first","9":"instock","10":"taxable","11":"shipping-taxable","12":"purchasable","13":"product-type-simple"},"acf":[],"aioseo_notices":[],"_links":{"self":[{"href":"https:\/\/silenthome.com\/es\/wp-json\/wp\/v2\/product\/2445","targetHints":{"allow":["GET"]}}],"collection":[{"href":"https:\/\/silenthome.com\/es\/wp-json\/wp\/v2\/product"}],"about":[{"href":"https:\/\/silenthome.com\/es\/wp-json\/wp\/v2\/types\/product"}],"replies":[{"embeddable":true,"href":"https:\/\/silenthome.com\/es\/wp-json\/wp\/v2\/comments?post=2445"}],"wp:featuredmedia":[{"embeddable":true,"href":"https:\/\/silenthome.com\/es\/wp-json\/wp\/v2\/media\/9022"}],"wp:attachment":[{"href":"https:\/\/silenthome.com\/es\/wp-json\/wp\/v2\/media?parent=2445"}],"wp:term":[{"taxonomy":"product_brand","embeddable":true,"href":"https:\/\/silenthome.com\/es\/wp-json\/wp\/v2\/product_brand?post=2445"},{"taxonomy":"product_cat","embeddable":true,"href":"https:\/\/silenthome.com\/es\/wp-json\/wp\/v2\/product_cat?post=2445"},{"taxonomy":"product_tag","embeddable":true,"href":"https:\/\/silenthome.com\/es\/wp-json\/wp\/v2\/product_tag?post=2445"}],"curies":[{"name":"wp","href":"https:\/\/api.w.org\/{rel}","templated":true}]}}