{"id":2443,"date":"2024-05-08T11:34:02","date_gmt":"2024-05-08T10:34:02","guid":{"rendered":"https:\/\/silenthome.com\/produto\/caixa-de-acrilico-sombra-de-boneco-90x90cm\/"},"modified":"2026-04-14T16:48:17","modified_gmt":"2026-04-14T15:48:17","slug":"caixa-de-acrilico-sombra-de-boneco-90x90cm","status":"publish","type":"product","link":"https:\/\/silenthome.com\/es\/producto\/caixa-de-acrilico-sombra-de-boneco-90x90cm\/","title":{"rendered":"Caja acr\u00edlica con sombra de mu\u00f1eca 90x90cm"},"content":{"rendered":"","protected":false},"excerpt":{"rendered":"<p>El cuadro La sombra de una marioneta es una representaci\u00f3n minimalista en tonos grises, protagonizada por una intrigante silueta que nos remite al m\u00edtico personaje de Disney: Mickey Mouse. Con una composici\u00f3n de 90\u00d790 cm, esta obra de arte transmite una atm\u00f3sfera de misterio y contemplaci\u00f3n, ideal para a\u00f1adir un toque de modernidad a cualquier ambiente.<\/p>","protected":false},"featured_media":1386,"comment_status":"open","ping_status":"closed","template":"","meta":{"_acf_changed":false},"product_brand":[],"product_cat":[71],"product_tag":[],"class_list":{"0":"post-2443","1":"product","2":"type-product","3":"status-publish","4":"has-post-thumbnail","6":"product_cat-arte","8":"first","9":"instock","10":"taxable","11":"shipping-taxable","12":"purchasable","13":"product-type-simple"},"acf":[],"aioseo_notices":[],"_links":{"self":[{"href":"https:\/\/silenthome.com\/es\/wp-json\/wp\/v2\/product\/2443","targetHints":{"allow":["GET"]}}],"collection":[{"href":"https:\/\/silenthome.com\/es\/wp-json\/wp\/v2\/product"}],"about":[{"href":"https:\/\/silenthome.com\/es\/wp-json\/wp\/v2\/types\/product"}],"replies":[{"embeddable":true,"href":"https:\/\/silenthome.com\/es\/wp-json\/wp\/v2\/comments?post=2443"}],"wp:featuredmedia":[{"embeddable":true,"href":"https:\/\/silenthome.com\/es\/wp-json\/wp\/v2\/media\/1386"}],"wp:attachment":[{"href":"https:\/\/silenthome.com\/es\/wp-json\/wp\/v2\/media?parent=2443"}],"wp:term":[{"taxonomy":"product_brand","embeddable":true,"href":"https:\/\/silenthome.com\/es\/wp-json\/wp\/v2\/product_brand?post=2443"},{"taxonomy":"product_cat","embeddable":true,"href":"https:\/\/silenthome.com\/es\/wp-json\/wp\/v2\/product_cat?post=2443"},{"taxonomy":"product_tag","embeddable":true,"href":"https:\/\/silenthome.com\/es\/wp-json\/wp\/v2\/product_tag?post=2443"}],"curies":[{"name":"wp","href":"https:\/\/api.w.org\/{rel}","templated":true}]}}