{"id":2438,"date":"2024-05-08T11:33:52","date_gmt":"2024-05-08T10:33:52","guid":{"rendered":"https:\/\/silenthome.com\/produto\/sofa-de-quatro-lugares-osaka\/"},"modified":"2026-04-14T16:48:16","modified_gmt":"2026-04-14T15:48:16","slug":"osaka-sofa-de-quatro-lugares","status":"publish","type":"product","link":"https:\/\/silenthome.com\/es\/producto\/osaka-sofa-de-quatro-lugares\/","title":{"rendered":"Sof\u00e1 de cuatro plazas Osaka"},"content":{"rendered":"","protected":false},"excerpt":{"rendered":"<p>El sof\u00e1 Osaka de cuatro plazas es el equilibrio perfecto entre <strong>confort<\/strong> y estilo. Con un <strong>elegante<\/strong> De color beige y estructura robusta, este sof\u00e1 es ideal para descansar y relajarse. Su dise\u00f1o <strong>espacioso y acogedor<\/strong> ofrece un amplio espacio para acomodar a familiares y amigos, mientras que el tejido de alta calidad proporciona una sensaci\u00f3n de lujo y confort. A\u00f1ade un toque de sofisticaci\u00f3n y confort a tu sal\u00f3n con el sof\u00e1 Osaka de cuatro plazas.<\/p>","protected":false},"featured_media":3389,"comment_status":"open","ping_status":"closed","template":"","meta":{"_acf_changed":false},"product_brand":[],"product_cat":[61,63],"product_tag":[],"class_list":{"0":"post-2438","1":"product","2":"type-product","3":"status-publish","4":"has-post-thumbnail","6":"product_cat-mobiliario","7":"product_cat-sofas","9":"first","10":"instock","11":"taxable","12":"shipping-taxable","13":"purchasable","14":"product-type-simple"},"acf":[],"aioseo_notices":[],"_links":{"self":[{"href":"https:\/\/silenthome.com\/es\/wp-json\/wp\/v2\/product\/2438","targetHints":{"allow":["GET"]}}],"collection":[{"href":"https:\/\/silenthome.com\/es\/wp-json\/wp\/v2\/product"}],"about":[{"href":"https:\/\/silenthome.com\/es\/wp-json\/wp\/v2\/types\/product"}],"replies":[{"embeddable":true,"href":"https:\/\/silenthome.com\/es\/wp-json\/wp\/v2\/comments?post=2438"}],"wp:featuredmedia":[{"embeddable":true,"href":"https:\/\/silenthome.com\/es\/wp-json\/wp\/v2\/media\/3389"}],"wp:attachment":[{"href":"https:\/\/silenthome.com\/es\/wp-json\/wp\/v2\/media?parent=2438"}],"wp:term":[{"taxonomy":"product_brand","embeddable":true,"href":"https:\/\/silenthome.com\/es\/wp-json\/wp\/v2\/product_brand?post=2438"},{"taxonomy":"product_cat","embeddable":true,"href":"https:\/\/silenthome.com\/es\/wp-json\/wp\/v2\/product_cat?post=2438"},{"taxonomy":"product_tag","embeddable":true,"href":"https:\/\/silenthome.com\/es\/wp-json\/wp\/v2\/product_tag?post=2438"}],"curies":[{"name":"wp","href":"https:\/\/api.w.org\/{rel}","templated":true}]}}