{"id":2433,"date":"2024-05-08T11:33:44","date_gmt":"2024-05-08T10:33:44","guid":{"rendered":"https:\/\/silenthome.com\/produto\/cadeira-de-jantar-osaka-altar\/"},"modified":"2026-04-01T23:07:40","modified_gmt":"2026-04-01T22:07:40","slug":"cadeira-de-jantar-osaka-altar","status":"publish","type":"product","link":"https:\/\/silenthome.com\/es\/producto\/cadeira-de-jantar-osaka-altar\/","title":{"rendered":"Silla de comedor Osaka Altar"},"content":{"rendered":"","protected":false},"excerpt":{"rendered":"<p>La silla de comedor Osaka Altar combina estilo contempor\u00e1neo y <strong>confort<\/strong> para que las comidas sean a\u00fan m\u00e1s agradables. Con un <strong>dise\u00f1o elegante<\/strong> en negro y gris, esta silla es un complemento sofisticado para cualquier comedor. Fabricada con estructura de madera y tapizada en tela boucl\u00e9, ofrece <strong>durabilidad<\/strong> y comodidad. Ideal para socializar en la mesa, esta silla ofrece un toque de elegancia para complementar cualquier entorno.<\/p>","protected":false},"featured_media":1691,"comment_status":"open","ping_status":"closed","template":"","meta":{"_acf_changed":false},"product_brand":[],"product_cat":[80,61],"product_tag":[],"class_list":{"0":"post-2433","1":"product","2":"type-product","3":"status-publish","4":"has-post-thumbnail","6":"product_cat-cadeiras","7":"product_cat-mobiliario","9":"first","10":"instock","11":"taxable","12":"shipping-taxable","13":"purchasable","14":"product-type-simple"},"acf":[],"aioseo_notices":[],"_links":{"self":[{"href":"https:\/\/silenthome.com\/es\/wp-json\/wp\/v2\/product\/2433","targetHints":{"allow":["GET"]}}],"collection":[{"href":"https:\/\/silenthome.com\/es\/wp-json\/wp\/v2\/product"}],"about":[{"href":"https:\/\/silenthome.com\/es\/wp-json\/wp\/v2\/types\/product"}],"replies":[{"embeddable":true,"href":"https:\/\/silenthome.com\/es\/wp-json\/wp\/v2\/comments?post=2433"}],"wp:featuredmedia":[{"embeddable":true,"href":"https:\/\/silenthome.com\/es\/wp-json\/wp\/v2\/media\/1691"}],"wp:attachment":[{"href":"https:\/\/silenthome.com\/es\/wp-json\/wp\/v2\/media?parent=2433"}],"wp:term":[{"taxonomy":"product_brand","embeddable":true,"href":"https:\/\/silenthome.com\/es\/wp-json\/wp\/v2\/product_brand?post=2433"},{"taxonomy":"product_cat","embeddable":true,"href":"https:\/\/silenthome.com\/es\/wp-json\/wp\/v2\/product_cat?post=2433"},{"taxonomy":"product_tag","embeddable":true,"href":"https:\/\/silenthome.com\/es\/wp-json\/wp\/v2\/product_tag?post=2433"}],"curies":[{"name":"wp","href":"https:\/\/api.w.org\/{rel}","templated":true}]}}