{"id":2431,"date":"2024-05-08T11:33:40","date_gmt":"2024-05-08T10:33:40","guid":{"rendered":"https:\/\/silenthome.com\/produto\/mesa-de-jantar-redonda-em-travertine-d110cm\/"},"modified":"2026-04-01T23:31:38","modified_gmt":"2026-04-01T22:31:38","slug":"mesa-de-jantar-redonda-em-travertino-d110cm","status":"publish","type":"product","link":"https:\/\/silenthome.com\/es\/producto\/mesa-de-jantar-redonda-em-travertino-d110cm\/","title":{"rendered":"Mesa de Comedor Travertino Redonda D110cm"},"content":{"rendered":"","protected":false},"excerpt":{"rendered":"<p>La Mesa de Comedor Redonda en Travertino, con un di\u00e1metro de 110 cm, ofrece una opci\u00f3n de <strong>elegante y funcional<\/strong> para el comedor, realzando el ambiente con su belleza natural en <strong>m\u00e1rmol travertino<\/strong>. Con su tama\u00f1o compacto, es ideal para espacios peque\u00f1os, a\u00f1adiendo al mismo tiempo un toque de sofisticaci\u00f3n.<\/p>","protected":false},"featured_media":6311,"comment_status":"open","ping_status":"closed","template":"","meta":{"_acf_changed":false},"product_brand":[],"product_cat":[79,61],"product_tag":[],"class_list":{"0":"post-2431","1":"product","2":"type-product","3":"status-publish","4":"has-post-thumbnail","6":"product_cat-mesas-de-jantar","7":"product_cat-mobiliario","9":"first","10":"outofstock","11":"taxable","12":"shipping-taxable","13":"purchasable","14":"product-type-simple"},"acf":[],"aioseo_notices":[],"_links":{"self":[{"href":"https:\/\/silenthome.com\/es\/wp-json\/wp\/v2\/product\/2431","targetHints":{"allow":["GET"]}}],"collection":[{"href":"https:\/\/silenthome.com\/es\/wp-json\/wp\/v2\/product"}],"about":[{"href":"https:\/\/silenthome.com\/es\/wp-json\/wp\/v2\/types\/product"}],"replies":[{"embeddable":true,"href":"https:\/\/silenthome.com\/es\/wp-json\/wp\/v2\/comments?post=2431"}],"wp:featuredmedia":[{"embeddable":true,"href":"https:\/\/silenthome.com\/es\/wp-json\/wp\/v2\/media\/6311"}],"wp:attachment":[{"href":"https:\/\/silenthome.com\/es\/wp-json\/wp\/v2\/media?parent=2431"}],"wp:term":[{"taxonomy":"product_brand","embeddable":true,"href":"https:\/\/silenthome.com\/es\/wp-json\/wp\/v2\/product_brand?post=2431"},{"taxonomy":"product_cat","embeddable":true,"href":"https:\/\/silenthome.com\/es\/wp-json\/wp\/v2\/product_cat?post=2431"},{"taxonomy":"product_tag","embeddable":true,"href":"https:\/\/silenthome.com\/es\/wp-json\/wp\/v2\/product_tag?post=2431"}],"curies":[{"name":"wp","href":"https:\/\/api.w.org\/{rel}","templated":true}]}}