{"id":2427,"date":"2024-05-08T11:33:30","date_gmt":"2024-05-08T10:33:30","guid":{"rendered":"https:\/\/silenthome.com\/produto\/cadeira-de-jantar-osaka-rollerbeje\/"},"modified":"2026-04-01T23:07:22","modified_gmt":"2026-04-01T22:07:22","slug":"cadeira-de-jantar-osaka-rollerbege","status":"publish","type":"product","link":"https:\/\/silenthome.com\/es\/producto\/cadeira-de-jantar-osaka-rollerbege\/","title":{"rendered":"Silla de comedor Osaka Roller Boucl\u00e9 Beige"},"content":{"rendered":"","protected":false},"excerpt":{"rendered":"<p>La silla de comedor Osaka Roller, en tejido boucl\u00e9 beige, es una gran elecci\u00f3n. <strong>elegante y confortable<\/strong> para su comedor. Con su <strong>dise\u00f1o contempor\u00e1neo<\/strong> y acabado en madera, esta silla a\u00f1ade un toque de sofisticaci\u00f3n a su entorno. El tejido boucl\u00e9 ofrece un <strong>agradable al tacto<\/strong> y proporciona comodidad durante las comidas. Ya sea para comidas familiares o cenas m\u00e1s formales, esta silla es perfecta para crear un ambiente acogedor y acogedor en su comedor.<\/p>","protected":false},"featured_media":1676,"comment_status":"open","ping_status":"closed","template":"","meta":{"_acf_changed":false},"product_brand":[],"product_cat":[80,61],"product_tag":[],"class_list":{"0":"post-2427","1":"product","2":"type-product","3":"status-publish","4":"has-post-thumbnail","6":"product_cat-cadeiras","7":"product_cat-mobiliario","9":"first","10":"instock","11":"taxable","12":"shipping-taxable","13":"purchasable","14":"product-type-simple"},"acf":[],"aioseo_notices":[],"_links":{"self":[{"href":"https:\/\/silenthome.com\/es\/wp-json\/wp\/v2\/product\/2427","targetHints":{"allow":["GET"]}}],"collection":[{"href":"https:\/\/silenthome.com\/es\/wp-json\/wp\/v2\/product"}],"about":[{"href":"https:\/\/silenthome.com\/es\/wp-json\/wp\/v2\/types\/product"}],"replies":[{"embeddable":true,"href":"https:\/\/silenthome.com\/es\/wp-json\/wp\/v2\/comments?post=2427"}],"wp:featuredmedia":[{"embeddable":true,"href":"https:\/\/silenthome.com\/es\/wp-json\/wp\/v2\/media\/1676"}],"wp:attachment":[{"href":"https:\/\/silenthome.com\/es\/wp-json\/wp\/v2\/media?parent=2427"}],"wp:term":[{"taxonomy":"product_brand","embeddable":true,"href":"https:\/\/silenthome.com\/es\/wp-json\/wp\/v2\/product_brand?post=2427"},{"taxonomy":"product_cat","embeddable":true,"href":"https:\/\/silenthome.com\/es\/wp-json\/wp\/v2\/product_cat?post=2427"},{"taxonomy":"product_tag","embeddable":true,"href":"https:\/\/silenthome.com\/es\/wp-json\/wp\/v2\/product_tag?post=2427"}],"curies":[{"name":"wp","href":"https:\/\/api.w.org\/{rel}","templated":true}]}}